{"id":101,"date":"2012-01-26T10:34:10","date_gmt":"2012-01-26T10:34:10","guid":{"rendered":"http:\/\/www.koordium.se\/?page_id=101"},"modified":"2019-10-09T10:54:51","modified_gmt":"2019-10-09T07:54:51","slug":"it-sakerhet","status":"publish","type":"page","link":"http:\/\/www.koordium.se\/index.php\/it-sakerhet\/","title":{"rendered":"IT-s\u00e4kerhet"},"content":{"rendered":"\t\t<div data-elementor-type=\"wp-page\" data-elementor-id=\"101\" class=\"elementor elementor-101\" data-elementor-settings=\"{&quot;ha_cmc_init_switcher&quot;:&quot;no&quot;}\">\n\t\t\t\t\t\t<section class=\"has_eae_slider elementor-section elementor-top-section elementor-element elementor-element-4d61460 elementor-section-full_width elementor-section-content-middle elementor-section-height-default elementor-section-height-default elementor-invisible\" data-eae-slider=\"56933\" data-id=\"4d61460\" data-element_type=\"section\" data-e-type=\"section\" data-settings=\"{&quot;background_background&quot;:&quot;classic&quot;,&quot;animation&quot;:&quot;fadeIn&quot;,&quot;_ha_eqh_enable&quot;:false}\">\n\t\t\t\t\t\t<div class=\"elementor-container elementor-column-gap-default\">\n\t\t\t\t\t<div class=\"has_eae_slider elementor-column elementor-col-100 elementor-top-column elementor-element elementor-element-d6084e1\" data-eae-slider=\"28893\" data-id=\"d6084e1\" data-element_type=\"column\" data-e-type=\"column\">\n\t\t\t<div class=\"elementor-widget-wrap\">\n\t\t\t\t\t\t\t<\/div>\n\t\t<\/div>\n\t\t\t\t\t<\/div>\n\t\t<\/section>\n\t\t\t\t<section class=\"has_eae_slider elementor-section elementor-top-section elementor-element elementor-element-e2b8948 elementor-section-boxed elementor-section-height-default elementor-section-height-default\" data-eae-slider=\"75114\" data-id=\"e2b8948\" data-element_type=\"section\" data-e-type=\"section\" data-settings=\"{&quot;_ha_eqh_enable&quot;:false}\">\n\t\t\t\t\t\t<div class=\"elementor-container elementor-column-gap-default\">\n\t\t\t\t\t<div class=\"has_eae_slider elementor-column elementor-col-100 elementor-top-column elementor-element elementor-element-a88b9c5\" data-eae-slider=\"7408\" data-id=\"a88b9c5\" data-element_type=\"column\" data-e-type=\"column\">\n\t\t\t<div class=\"elementor-widget-wrap elementor-element-populated\">\n\t\t\t\t\t\t<div class=\"elementor-element elementor-element-8632cb9 elementor-widget elementor-widget-spacer\" data-id=\"8632cb9\" data-element_type=\"widget\" data-e-type=\"widget\" data-widget_type=\"spacer.default\">\n\t\t\t\t<div class=\"elementor-widget-container\">\n\t\t\t\t\t\t\t<div class=\"elementor-spacer\">\n\t\t\t<div class=\"elementor-spacer-inner\"><\/div>\n\t\t<\/div>\n\t\t\t\t\t\t<\/div>\n\t\t\t\t<\/div>\n\t\t\t\t\t<\/div>\n\t\t<\/div>\n\t\t\t\t\t<\/div>\n\t\t<\/section>\n\t\t\t\t<section class=\"has_eae_slider elementor-section elementor-top-section elementor-element elementor-element-daa0269 elementor-section-boxed elementor-section-height-default elementor-section-height-default\" data-eae-slider=\"12830\" data-id=\"daa0269\" data-element_type=\"section\" data-e-type=\"section\" data-settings=\"{&quot;_ha_eqh_enable&quot;:false}\">\n\t\t\t\t\t\t<div class=\"elementor-container elementor-column-gap-default\">\n\t\t\t\t\t<div class=\"has_eae_slider elementor-column elementor-col-100 elementor-top-column elementor-element elementor-element-ee61e38\" data-eae-slider=\"77893\" data-id=\"ee61e38\" data-element_type=\"column\" data-e-type=\"column\">\n\t\t\t<div class=\"elementor-widget-wrap elementor-element-populated\">\n\t\t\t\t\t\t<div class=\"elementor-element elementor-element-8ed0897 elementor-widget elementor-widget-heading\" data-id=\"8ed0897\" data-element_type=\"widget\" data-e-type=\"widget\" data-widget_type=\"heading.default\">\n\t\t\t\t<div class=\"elementor-widget-container\">\n\t\t\t\t\t<h1 class=\"elementor-heading-title elementor-size-large\">IT-s\u00e4kerhet<\/h1>\t\t\t\t<\/div>\n\t\t\t\t<\/div>\n\t\t\t\t\t<\/div>\n\t\t<\/div>\n\t\t\t\t\t<\/div>\n\t\t<\/section>\n\t\t\t\t<section class=\"has_eae_slider elementor-section elementor-top-section elementor-element elementor-element-3b7360e3 elementor-section-boxed elementor-section-height-default elementor-section-height-default\" data-eae-slider=\"34254\" data-id=\"3b7360e3\" data-element_type=\"section\" data-e-type=\"section\" data-settings=\"{&quot;_ha_eqh_enable&quot;:false}\">\n\t\t\t\t\t\t<div class=\"elementor-container elementor-column-gap-default\">\n\t\t\t\t\t<div class=\"has_eae_slider elementor-column elementor-col-100 elementor-top-column elementor-element elementor-element-7d578bcc\" data-eae-slider=\"17225\" data-id=\"7d578bcc\" data-element_type=\"column\" data-e-type=\"column\">\n\t\t\t<div class=\"elementor-widget-wrap elementor-element-populated\">\n\t\t\t\t\t\t<div class=\"elementor-element elementor-element-36562d26 elementor-widget elementor-widget-text-editor\" data-id=\"36562d26\" data-element_type=\"widget\" data-e-type=\"widget\" data-widget_type=\"text-editor.default\">\n\t\t\t\t<div class=\"elementor-widget-container\">\n\t\t\t\t\t\t\t\t\t<h4><span style=\"color: #000000;\">Vi har l\u00e5ng erfarenhet av arbete med IT-s\u00e4kerhet i olika former d\u00e4r mycket h\u00f6g s\u00e4kerhet har kr\u00e4vts f\u00f6r att skydda integritet, information och andra v\u00e4rden.<\/span><\/h4><p><span style=\"color: #000000;\">N\u00e4r vi arbetar med IT-s\u00e4kerhet \u00e4r v\u00e5r uppfattning att vi hanterar en verksamhets allra viktigaste tillg\u00e5ngar, ofta i form av data. Vi \u00e4r idag anf\u00f6rtrodda med hantering av globala f\u00f6retags databaser och aff\u00e4rssystem och s\u00e4kerst\u00e4ller att all data hanteras p\u00e5 s\u00e4krast m\u00f6jliga vis \u2013 och d\u00e4rf\u00f6r \u00e4r vi helt \u00f6vertygade om att du kan k\u00e4nna dig lika trygg som v\u00e5ra tidigare uppdragsgivare.<\/span><\/p><p><span style=\"color: #000000;\">Vi har god vana att arbeta med IT-s\u00e4kerhet specifikt inom EFT-omr\u00e5det och fiskala krav. Kryptering \u00e4r A och O och vi \u00e4r riktigt skickliga p\u00e5 det, \u00f6dmjukt uttryckt. Dessutom \u00e4r vi experter p\u00e5 att hantera brandv\u00e4ggar och s\u00e4kerst\u00e4lla att du anv\u00e4nder dig av en bra infrastruktur. I slut\u00e4ndan handlar allt om hur man hanterar sina databaser; vad man f\u00e5r lagra, hur data m\u00e5ste lagras och vad man inte f\u00e5r lagra.<\/span><\/p><p><span style=\"color: #000000;\">Vi gissar inte. Vi vet.<\/span><\/p>\t\t\t\t\t\t\t\t<\/div>\n\t\t\t\t<\/div>\n\t\t\t\t\t<\/div>\n\t\t<\/div>\n\t\t\t\t\t<\/div>\n\t\t<\/section>\n\t\t\t\t<section class=\"has_eae_slider elementor-section elementor-top-section elementor-element elementor-element-1a770fe elementor-section-boxed elementor-section-height-default elementor-section-height-default\" data-eae-slider=\"35327\" data-id=\"1a770fe\" data-element_type=\"section\" data-e-type=\"section\" data-settings=\"{&quot;_ha_eqh_enable&quot;:false}\">\n\t\t\t\t\t\t<div class=\"elementor-container elementor-column-gap-default\">\n\t\t\t\t\t<div class=\"has_eae_slider elementor-column elementor-col-100 elementor-top-column elementor-element elementor-element-8e4e6d0\" data-eae-slider=\"69594\" data-id=\"8e4e6d0\" data-element_type=\"column\" data-e-type=\"column\">\n\t\t\t<div class=\"elementor-widget-wrap elementor-element-populated\">\n\t\t\t\t\t\t<div class=\"elementor-element elementor-element-3368b74 elementor-align-center elementor-invisible elementor-widget elementor-widget-button\" data-id=\"3368b74\" data-element_type=\"widget\" data-e-type=\"widget\" data-settings=\"{&quot;_animation&quot;:&quot;fadeIn&quot;}\" data-widget_type=\"button.default\">\n\t\t\t\t<div class=\"elementor-widget-container\">\n\t\t\t\t\t\t\t\t\t<div class=\"elementor-button-wrapper\">\n\t\t\t\t\t<a class=\"elementor-button elementor-button-link elementor-size-sm\" href=\"http:\/\/www.koordium.se\/index.php\/kontakt\/\">\n\t\t\t\t\t\t<span class=\"elementor-button-content-wrapper\">\n\t\t\t\t\t\t\t\t\t<span class=\"elementor-button-text\">KONTAKT<\/span>\n\t\t\t\t\t<\/span>\n\t\t\t\t\t<\/a>\n\t\t\t\t<\/div>\n\t\t\t\t\t\t\t\t<\/div>\n\t\t\t\t<\/div>\n\t\t\t\t\t<\/div>\n\t\t<\/div>\n\t\t\t\t\t<\/div>\n\t\t<\/section>\n\t\t\t\t<section class=\"has_eae_slider elementor-section elementor-top-section elementor-element elementor-element-30a16e8 elementor-section-boxed elementor-section-height-default elementor-section-height-default\" data-eae-slider=\"27729\" data-id=\"30a16e8\" data-element_type=\"section\" data-e-type=\"section\" data-settings=\"{&quot;_ha_eqh_enable&quot;:false}\">\n\t\t\t\t\t\t<div class=\"elementor-container elementor-column-gap-default\">\n\t\t\t\t\t<div class=\"has_eae_slider elementor-column elementor-col-100 elementor-top-column elementor-element elementor-element-48bc251\" data-eae-slider=\"99569\" data-id=\"48bc251\" data-element_type=\"column\" data-e-type=\"column\">\n\t\t\t<div class=\"elementor-widget-wrap elementor-element-populated\">\n\t\t\t\t\t\t<div class=\"elementor-element elementor-element-2139e6b elementor-widget elementor-widget-spacer\" data-id=\"2139e6b\" data-element_type=\"widget\" data-e-type=\"widget\" data-widget_type=\"spacer.default\">\n\t\t\t\t<div class=\"elementor-widget-container\">\n\t\t\t\t\t\t\t<div class=\"elementor-spacer\">\n\t\t\t<div class=\"elementor-spacer-inner\"><\/div>\n\t\t<\/div>\n\t\t\t\t\t\t<\/div>\n\t\t\t\t<\/div>\n\t\t\t\t\t<\/div>\n\t\t<\/div>\n\t\t\t\t\t<\/div>\n\t\t<\/section>\n\t\t\t\t<\/div>\n\t\t","protected":false},"excerpt":{"rendered":"<p>IT-s\u00e4kerhet Vi har l\u00e5ng erfarenhet av arbete med IT-s\u00e4kerhet i olika former d\u00e4r mycket h\u00f6g s\u00e4kerhet har kr\u00e4vts f\u00f6r att skydda integritet, information och andra v\u00e4rden. N\u00e4r vi arbetar med IT-s\u00e4kerhet \u00e4r v\u00e5r uppfattning att vi hanterar en verksamhets allra viktigaste tillg\u00e5ngar, ofta i form av data. Vi \u00e4r idag anf\u00f6rtrodda med hantering av globala [&hellip;]<\/p>\n","protected":false},"author":3,"featured_media":995,"parent":0,"menu_order":0,"comment_status":"closed","ping_status":"open","template":"elementor_header_footer","meta":{"_monsterinsights_skip_tracking":false,"_monsterinsights_sitenote_active":false,"_monsterinsights_sitenote_note":"","_monsterinsights_sitenote_category":0,"footnotes":""},"class_list":["post-101","page","type-page","status-publish","has-post-thumbnail","hentry"],"_links":{"self":[{"href":"http:\/\/www.koordium.se\/index.php\/wp-json\/wp\/v2\/pages\/101","targetHints":{"allow":["GET"]}}],"collection":[{"href":"http:\/\/www.koordium.se\/index.php\/wp-json\/wp\/v2\/pages"}],"about":[{"href":"http:\/\/www.koordium.se\/index.php\/wp-json\/wp\/v2\/types\/page"}],"author":[{"embeddable":true,"href":"http:\/\/www.koordium.se\/index.php\/wp-json\/wp\/v2\/users\/3"}],"replies":[{"embeddable":true,"href":"http:\/\/www.koordium.se\/index.php\/wp-json\/wp\/v2\/comments?post=101"}],"version-history":[{"count":15,"href":"http:\/\/www.koordium.se\/index.php\/wp-json\/wp\/v2\/pages\/101\/revisions"}],"predecessor-version":[{"id":997,"href":"http:\/\/www.koordium.se\/index.php\/wp-json\/wp\/v2\/pages\/101\/revisions\/997"}],"wp:featuredmedia":[{"embeddable":true,"href":"http:\/\/www.koordium.se\/index.php\/wp-json\/wp\/v2\/media\/995"}],"wp:attachment":[{"href":"http:\/\/www.koordium.se\/index.php\/wp-json\/wp\/v2\/media?parent=101"}],"curies":[{"name":"wp","href":"https:\/\/api.w.org\/{rel}","templated":true}]}}