{"id":103,"date":"2012-01-26T10:34:44","date_gmt":"2012-01-26T10:34:44","guid":{"rendered":"http:\/\/www.koordium.se\/?page_id=103"},"modified":"2019-10-09T11:13:54","modified_gmt":"2019-10-09T08:13:54","slug":"projektledning","status":"publish","type":"page","link":"http:\/\/www.koordium.se\/index.php\/projektledning\/","title":{"rendered":"Projektledning"},"content":{"rendered":"\t\t<div data-elementor-type=\"wp-page\" data-elementor-id=\"103\" class=\"elementor elementor-103\" data-elementor-settings=\"{&quot;ha_cmc_init_switcher&quot;:&quot;no&quot;}\">\n\t\t\t\t\t\t<section class=\"has_eae_slider elementor-section elementor-top-section elementor-element elementor-element-af58e9d elementor-section-full_width elementor-section-content-middle elementor-section-height-default elementor-section-height-default elementor-invisible\" data-eae-slider=\"45085\" data-id=\"af58e9d\" data-element_type=\"section\" data-e-type=\"section\" data-settings=\"{&quot;background_background&quot;:&quot;classic&quot;,&quot;animation&quot;:&quot;fadeIn&quot;,&quot;_ha_eqh_enable&quot;:false}\">\n\t\t\t\t\t\t<div class=\"elementor-container elementor-column-gap-default\">\n\t\t\t\t\t<div class=\"has_eae_slider elementor-column elementor-col-100 elementor-top-column elementor-element elementor-element-1621bb6\" data-eae-slider=\"33796\" data-id=\"1621bb6\" data-element_type=\"column\" data-e-type=\"column\">\n\t\t\t<div class=\"elementor-widget-wrap\">\n\t\t\t\t\t\t\t<\/div>\n\t\t<\/div>\n\t\t\t\t\t<\/div>\n\t\t<\/section>\n\t\t\t\t<section class=\"has_eae_slider elementor-section elementor-top-section elementor-element elementor-element-b586815 elementor-section-boxed elementor-section-height-default elementor-section-height-default\" data-eae-slider=\"1235\" data-id=\"b586815\" data-element_type=\"section\" data-e-type=\"section\" data-settings=\"{&quot;_ha_eqh_enable&quot;:false}\">\n\t\t\t\t\t\t<div class=\"elementor-container elementor-column-gap-default\">\n\t\t\t\t\t<div class=\"has_eae_slider elementor-column elementor-col-100 elementor-top-column elementor-element elementor-element-101e8ba\" data-eae-slider=\"59312\" data-id=\"101e8ba\" data-element_type=\"column\" data-e-type=\"column\">\n\t\t\t<div class=\"elementor-widget-wrap elementor-element-populated\">\n\t\t\t\t\t\t<div class=\"elementor-element elementor-element-1259536 elementor-widget elementor-widget-spacer\" data-id=\"1259536\" data-element_type=\"widget\" data-e-type=\"widget\" data-widget_type=\"spacer.default\">\n\t\t\t\t<div class=\"elementor-widget-container\">\n\t\t\t\t\t\t\t<div class=\"elementor-spacer\">\n\t\t\t<div class=\"elementor-spacer-inner\"><\/div>\n\t\t<\/div>\n\t\t\t\t\t\t<\/div>\n\t\t\t\t<\/div>\n\t\t\t\t\t<\/div>\n\t\t<\/div>\n\t\t\t\t\t<\/div>\n\t\t<\/section>\n\t\t\t\t<section class=\"has_eae_slider elementor-section elementor-top-section elementor-element elementor-element-c3b9e06 elementor-section-boxed elementor-section-height-default elementor-section-height-default\" data-eae-slider=\"31253\" data-id=\"c3b9e06\" data-element_type=\"section\" data-e-type=\"section\" data-settings=\"{&quot;_ha_eqh_enable&quot;:false}\">\n\t\t\t\t\t\t<div class=\"elementor-container elementor-column-gap-default\">\n\t\t\t\t\t<div class=\"has_eae_slider elementor-column elementor-col-100 elementor-top-column elementor-element elementor-element-e10fe20\" data-eae-slider=\"36987\" data-id=\"e10fe20\" data-element_type=\"column\" data-e-type=\"column\">\n\t\t\t<div class=\"elementor-widget-wrap elementor-element-populated\">\n\t\t\t\t\t\t<div class=\"elementor-element elementor-element-8ca8df5 elementor-widget elementor-widget-heading\" data-id=\"8ca8df5\" data-element_type=\"widget\" data-e-type=\"widget\" data-widget_type=\"heading.default\">\n\t\t\t\t<div class=\"elementor-widget-container\">\n\t\t\t\t\t<h1 class=\"elementor-heading-title elementor-size-large\">Projektledning<\/h1>\t\t\t\t<\/div>\n\t\t\t\t<\/div>\n\t\t\t\t\t<\/div>\n\t\t<\/div>\n\t\t\t\t\t<\/div>\n\t\t<\/section>\n\t\t\t\t<section class=\"has_eae_slider elementor-section elementor-top-section elementor-element elementor-element-186bb9a4 elementor-section-boxed elementor-section-height-default elementor-section-height-default\" data-eae-slider=\"25023\" data-id=\"186bb9a4\" data-element_type=\"section\" data-e-type=\"section\" data-settings=\"{&quot;_ha_eqh_enable&quot;:false}\">\n\t\t\t\t\t\t<div class=\"elementor-container elementor-column-gap-default\">\n\t\t\t\t\t<div class=\"has_eae_slider elementor-column elementor-col-100 elementor-top-column elementor-element elementor-element-785a7565\" data-eae-slider=\"18616\" data-id=\"785a7565\" data-element_type=\"column\" data-e-type=\"column\">\n\t\t\t<div class=\"elementor-widget-wrap elementor-element-populated\">\n\t\t\t\t\t\t<div class=\"elementor-element elementor-element-2280f699 elementor-widget elementor-widget-text-editor\" data-id=\"2280f699\" data-element_type=\"widget\" data-e-type=\"widget\" data-widget_type=\"text-editor.default\">\n\t\t\t\t<div class=\"elementor-widget-container\">\n\t\t\t\t\t\t\t\t\t<h4><span style=\"color: #000000;\">Att leda projekt \u00e4r n\u00e5got av det sv\u00e5raste som finns, n\u00e4r givna ekonomiska ramar, tidplaner, best\u00e4llare, externa samt interna resurser och yttre omst\u00e4ndigheter st\u00e4ndigt skall balanseras, ledas, optimeras och motiveras.<\/span><\/h4><p><span style=\"color: #000000;\">Detta \u00e4r utmaningar som stimulerar och skapar kraft i v\u00e5r projektledningsorganisation &#8211; och sp\u00e4nning att hela tiden \u00f6vertr\u00e4ffa kundens f\u00f6rv\u00e4ntningar.<\/span><\/p><p><span style=\"color: #000000;\">Projektledning \u00e4r en av v\u00e5ra absoluta specialiteter och vi bygger v\u00e5r kompetens fr\u00e5n otaliga uppdrag inom omr\u00e5den som telecom, IT, f\u00f6rsvar, bank, f\u00f6rs\u00e4kring, logistik, butik och andra utmanande verksamhetsomr\u00e5den.<\/span><\/p><p><span style=\"color: #000000;\">Ett projekt kan vara hur litet eller hur speciellt som helst, men med v\u00e5r erfarenhet benar vi upp behoven, s\u00e4tter en riktning, plockar ihop ett projektteam, f\u00f6rfinar ansatsen, f\u00f6resl\u00e5r kunden v\u00e5r l\u00f6sning och efter ett klartecken genomf\u00f6r vi planen med kraft, entusiasm och fokus p\u00e5 uppgiften.<\/span><\/p><p><span style=\"color: #000000;\">Att leda projekt \u00e4r n\u00e5got av det mest sp\u00e4nnande som finns &#8211; och med r\u00e4tt projektledning skapas framg\u00e5ngsrika l\u00f6sningar, som ger f\u00f6rv\u00e4ntad funktion i r\u00e4tt tid till \u00f6verenskommet pris.<\/span><\/p><h5><span style=\"color: #000000;\"><strong>Vi \u00e4r experter p\u00e5:<\/strong><\/span><\/h5><p><span style=\"color: #000000;\"><span style=\"color: #a6ce39;\">\u25ba<\/span>\u00a0Change management<br \/><\/span><span style=\"color: #000000;\"><span style=\"color: #a6ce39;\">\u25ba<\/span>\u00a0Krav management<br \/><\/span><span style=\"color: #000000;\"><span style=\"color: #a6ce39;\">\u25ba<\/span> Release management<br \/><\/span><span style=\"color: #000000;\"><span style=\"color: #a6ce39;\">\u25ba<\/span>\u00a0Rollout management<\/span><\/p>\t\t\t\t\t\t\t\t<\/div>\n\t\t\t\t<\/div>\n\t\t\t\t\t<\/div>\n\t\t<\/div>\n\t\t\t\t\t<\/div>\n\t\t<\/section>\n\t\t\t\t<section class=\"has_eae_slider elementor-section elementor-top-section elementor-element elementor-element-e878740 elementor-section-boxed elementor-section-height-default elementor-section-height-default elementor-invisible\" data-eae-slider=\"41919\" data-id=\"e878740\" data-element_type=\"section\" data-e-type=\"section\" data-settings=\"{&quot;animation&quot;:&quot;fadeIn&quot;,&quot;_ha_eqh_enable&quot;:false}\">\n\t\t\t\t\t\t<div class=\"elementor-container elementor-column-gap-default\">\n\t\t\t\t\t<div class=\"has_eae_slider elementor-column elementor-col-100 elementor-top-column elementor-element elementor-element-1cb2152\" data-eae-slider=\"66234\" data-id=\"1cb2152\" data-element_type=\"column\" data-e-type=\"column\">\n\t\t\t<div class=\"elementor-widget-wrap elementor-element-populated\">\n\t\t\t\t\t\t<div class=\"elementor-element elementor-element-5f6fb15 elementor-align-center elementor-widget elementor-widget-button\" data-id=\"5f6fb15\" data-element_type=\"widget\" data-e-type=\"widget\" data-widget_type=\"button.default\">\n\t\t\t\t<div class=\"elementor-widget-container\">\n\t\t\t\t\t\t\t\t\t<div class=\"elementor-button-wrapper\">\n\t\t\t\t\t<a class=\"elementor-button elementor-button-link elementor-size-sm\" href=\"http:\/\/www.koordium.se\/index.php\/kontakt\/\">\n\t\t\t\t\t\t<span class=\"elementor-button-content-wrapper\">\n\t\t\t\t\t\t\t\t\t<span class=\"elementor-button-text\">KONTAKT<\/span>\n\t\t\t\t\t<\/span>\n\t\t\t\t\t<\/a>\n\t\t\t\t<\/div>\n\t\t\t\t\t\t\t\t<\/div>\n\t\t\t\t<\/div>\n\t\t\t\t\t<\/div>\n\t\t<\/div>\n\t\t\t\t\t<\/div>\n\t\t<\/section>\n\t\t\t\t<section class=\"has_eae_slider elementor-section elementor-top-section elementor-element elementor-element-46d4b9f elementor-section-boxed elementor-section-height-default elementor-section-height-default\" data-eae-slider=\"33955\" data-id=\"46d4b9f\" data-element_type=\"section\" data-e-type=\"section\" data-settings=\"{&quot;_ha_eqh_enable&quot;:false}\">\n\t\t\t\t\t\t<div class=\"elementor-container elementor-column-gap-default\">\n\t\t\t\t\t<div class=\"has_eae_slider elementor-column elementor-col-100 elementor-top-column elementor-element elementor-element-c0f2f05\" data-eae-slider=\"86407\" data-id=\"c0f2f05\" data-element_type=\"column\" data-e-type=\"column\">\n\t\t\t<div class=\"elementor-widget-wrap elementor-element-populated\">\n\t\t\t\t\t\t<div class=\"elementor-element elementor-element-a99f3c5 elementor-widget elementor-widget-spacer\" data-id=\"a99f3c5\" data-element_type=\"widget\" data-e-type=\"widget\" data-widget_type=\"spacer.default\">\n\t\t\t\t<div class=\"elementor-widget-container\">\n\t\t\t\t\t\t\t<div class=\"elementor-spacer\">\n\t\t\t<div class=\"elementor-spacer-inner\"><\/div>\n\t\t<\/div>\n\t\t\t\t\t\t<\/div>\n\t\t\t\t<\/div>\n\t\t\t\t\t<\/div>\n\t\t<\/div>\n\t\t\t\t\t<\/div>\n\t\t<\/section>\n\t\t\t\t<\/div>\n\t\t","protected":false},"excerpt":{"rendered":"<p>Projektledning Att leda projekt \u00e4r n\u00e5got av det sv\u00e5raste som finns, n\u00e4r givna ekonomiska ramar, tidplaner, best\u00e4llare, externa samt interna resurser och yttre omst\u00e4ndigheter st\u00e4ndigt skall balanseras, ledas, optimeras och motiveras. Detta \u00e4r utmaningar som stimulerar och skapar kraft i v\u00e5r projektledningsorganisation &#8211; och sp\u00e4nning att hela tiden \u00f6vertr\u00e4ffa kundens f\u00f6rv\u00e4ntningar. Projektledning \u00e4r en av [&hellip;]<\/p>\n","protected":false},"author":3,"featured_media":998,"parent":0,"menu_order":0,"comment_status":"closed","ping_status":"open","template":"elementor_header_footer","meta":{"_monsterinsights_skip_tracking":false,"_monsterinsights_sitenote_active":false,"_monsterinsights_sitenote_note":"","_monsterinsights_sitenote_category":0,"footnotes":""},"class_list":["post-103","page","type-page","status-publish","has-post-thumbnail","hentry"],"_links":{"self":[{"href":"http:\/\/www.koordium.se\/index.php\/wp-json\/wp\/v2\/pages\/103","targetHints":{"allow":["GET"]}}],"collection":[{"href":"http:\/\/www.koordium.se\/index.php\/wp-json\/wp\/v2\/pages"}],"about":[{"href":"http:\/\/www.koordium.se\/index.php\/wp-json\/wp\/v2\/types\/page"}],"author":[{"embeddable":true,"href":"http:\/\/www.koordium.se\/index.php\/wp-json\/wp\/v2\/users\/3"}],"replies":[{"embeddable":true,"href":"http:\/\/www.koordium.se\/index.php\/wp-json\/wp\/v2\/comments?post=103"}],"version-history":[{"count":9,"href":"http:\/\/www.koordium.se\/index.php\/wp-json\/wp\/v2\/pages\/103\/revisions"}],"predecessor-version":[{"id":1000,"href":"http:\/\/www.koordium.se\/index.php\/wp-json\/wp\/v2\/pages\/103\/revisions\/1000"}],"wp:featuredmedia":[{"embeddable":true,"href":"http:\/\/www.koordium.se\/index.php\/wp-json\/wp\/v2\/media\/998"}],"wp:attachment":[{"href":"http:\/\/www.koordium.se\/index.php\/wp-json\/wp\/v2\/media?parent=103"}],"curies":[{"name":"wp","href":"https:\/\/api.w.org\/{rel}","templated":true}]}}