{"id":105,"date":"2012-01-26T10:35:21","date_gmt":"2012-01-26T10:35:21","guid":{"rendered":"http:\/\/www.koordium.se\/?page_id=105"},"modified":"2019-10-09T11:26:31","modified_gmt":"2019-10-09T08:26:31","slug":"kvalite","status":"publish","type":"page","link":"http:\/\/www.koordium.se\/index.php\/kvalite\/","title":{"rendered":"Kvalitetsarbete"},"content":{"rendered":"\t\t<div data-elementor-type=\"wp-page\" data-elementor-id=\"105\" class=\"elementor elementor-105\" data-elementor-settings=\"{&quot;ha_cmc_init_switcher&quot;:&quot;no&quot;}\">\n\t\t\t\t\t\t<section class=\"has_eae_slider elementor-section elementor-top-section elementor-element elementor-element-4b5f3c4 elementor-section-full_width elementor-section-content-middle elementor-section-height-default elementor-section-height-default elementor-invisible\" data-eae-slider=\"29538\" data-id=\"4b5f3c4\" data-element_type=\"section\" data-e-type=\"section\" data-settings=\"{&quot;background_background&quot;:&quot;classic&quot;,&quot;animation&quot;:&quot;fadeIn&quot;,&quot;_ha_eqh_enable&quot;:false}\">\n\t\t\t\t\t\t<div class=\"elementor-container elementor-column-gap-default\">\n\t\t\t\t\t<div class=\"has_eae_slider elementor-column elementor-col-100 elementor-top-column elementor-element elementor-element-eba0fac\" data-eae-slider=\"71707\" data-id=\"eba0fac\" data-element_type=\"column\" data-e-type=\"column\">\n\t\t\t<div class=\"elementor-widget-wrap\">\n\t\t\t\t\t\t\t<\/div>\n\t\t<\/div>\n\t\t\t\t\t<\/div>\n\t\t<\/section>\n\t\t\t\t<section class=\"has_eae_slider elementor-section elementor-top-section elementor-element elementor-element-cc22547 elementor-section-boxed elementor-section-height-default elementor-section-height-default\" data-eae-slider=\"39228\" data-id=\"cc22547\" data-element_type=\"section\" data-e-type=\"section\" data-settings=\"{&quot;_ha_eqh_enable&quot;:false}\">\n\t\t\t\t\t\t<div class=\"elementor-container elementor-column-gap-default\">\n\t\t\t\t\t<div class=\"has_eae_slider elementor-column elementor-col-100 elementor-top-column elementor-element elementor-element-4b45d38\" data-eae-slider=\"35051\" data-id=\"4b45d38\" data-element_type=\"column\" data-e-type=\"column\">\n\t\t\t<div class=\"elementor-widget-wrap elementor-element-populated\">\n\t\t\t\t\t\t<div class=\"elementor-element elementor-element-63c99dc elementor-widget elementor-widget-spacer\" data-id=\"63c99dc\" data-element_type=\"widget\" data-e-type=\"widget\" data-widget_type=\"spacer.default\">\n\t\t\t\t<div class=\"elementor-widget-container\">\n\t\t\t\t\t\t\t<div class=\"elementor-spacer\">\n\t\t\t<div class=\"elementor-spacer-inner\"><\/div>\n\t\t<\/div>\n\t\t\t\t\t\t<\/div>\n\t\t\t\t<\/div>\n\t\t\t\t\t<\/div>\n\t\t<\/div>\n\t\t\t\t\t<\/div>\n\t\t<\/section>\n\t\t\t\t<section class=\"has_eae_slider elementor-section elementor-top-section elementor-element elementor-element-6ac9c38 elementor-section-boxed elementor-section-height-default elementor-section-height-default\" data-eae-slider=\"76301\" data-id=\"6ac9c38\" data-element_type=\"section\" data-e-type=\"section\" data-settings=\"{&quot;_ha_eqh_enable&quot;:false}\">\n\t\t\t\t\t\t<div class=\"elementor-container elementor-column-gap-default\">\n\t\t\t\t\t<div class=\"has_eae_slider elementor-column elementor-col-100 elementor-top-column elementor-element elementor-element-7f2713a\" data-eae-slider=\"98354\" data-id=\"7f2713a\" data-element_type=\"column\" data-e-type=\"column\">\n\t\t\t<div class=\"elementor-widget-wrap elementor-element-populated\">\n\t\t\t\t\t\t<div class=\"elementor-element elementor-element-f12fedc elementor-widget elementor-widget-heading\" data-id=\"f12fedc\" data-element_type=\"widget\" data-e-type=\"widget\" data-widget_type=\"heading.default\">\n\t\t\t\t<div class=\"elementor-widget-container\">\n\t\t\t\t\t<h1 class=\"elementor-heading-title elementor-size-large\">Kvalitetsarbete<\/h1>\t\t\t\t<\/div>\n\t\t\t\t<\/div>\n\t\t\t\t\t<\/div>\n\t\t<\/div>\n\t\t\t\t\t<\/div>\n\t\t<\/section>\n\t\t\t\t<section class=\"has_eae_slider elementor-section elementor-top-section elementor-element elementor-element-139fe75 elementor-section-boxed elementor-section-height-default elementor-section-height-default\" data-eae-slider=\"85975\" data-id=\"139fe75\" data-element_type=\"section\" data-e-type=\"section\" data-settings=\"{&quot;_ha_eqh_enable&quot;:false}\">\n\t\t\t\t\t\t<div class=\"elementor-container elementor-column-gap-default\">\n\t\t\t\t\t<div class=\"has_eae_slider elementor-column elementor-col-100 elementor-top-column elementor-element elementor-element-1e0677a3\" data-eae-slider=\"99372\" data-id=\"1e0677a3\" data-element_type=\"column\" data-e-type=\"column\">\n\t\t\t<div class=\"elementor-widget-wrap elementor-element-populated\">\n\t\t\t\t\t\t<div class=\"elementor-element elementor-element-4fa1e824 elementor-widget elementor-widget-text-editor\" data-id=\"4fa1e824\" data-element_type=\"widget\" data-e-type=\"widget\" data-widget_type=\"text-editor.default\">\n\t\t\t\t<div class=\"elementor-widget-container\">\n\t\t\t\t\t\t\t\t\t<h4><span style=\"color: #000000;\">Alla projekt m\u00e5ste genomsyras av en h\u00f6g och uth\u00e5llig kvalitetsniv\u00e5. Ofta gl\u00f6ms detta bort bland alla krav och m\u00e5sten, men i v\u00e5ra projekt har kvalitetsmedvetenhet och kvalitativ prestanda en viktig korrelation f\u00f6r att vi skall uppn\u00e5 v\u00e5ra projektm\u00e5l.<\/span><\/h4><p><span style=\"color: #000000;\">Utan att ha kvalitet i fokus riskerar resultatet att bli kortlivat och det \u00e4r sv\u00e5rt att f\u00e5 den fulla potentialen f\u00f6r anv\u00e4ndarna\/kunderna. Kvalitet har s\u00e5 m\u00e5nga aspekter och implikationer att det m\u00e5ste inkluderas som ett grundelement i varje del av ett projekt.<\/span><\/p><p><span style=\"color: #000000;\">Givet att best\u00e4llaren ger r\u00e4tt grundf\u00f6ruts\u00e4ttningar s\u00e4tter vi h\u00f6ga kvalitetskrav p\u00e5 oss sj\u00e4lva n\u00e4r det g\u00e4ller dokumentation, processer, val av projektmedlemmar samt givetvis genomf\u00f6randet, implementationen och avl\u00e4mningen av den f\u00e4rdiga l\u00f6sningen.<\/span><\/p>\t\t\t\t\t\t\t\t<\/div>\n\t\t\t\t<\/div>\n\t\t\t\t\t<\/div>\n\t\t<\/div>\n\t\t\t\t\t<\/div>\n\t\t<\/section>\n\t\t\t\t<section class=\"has_eae_slider elementor-section elementor-top-section elementor-element elementor-element-91dfdcc elementor-section-boxed elementor-section-height-default elementor-section-height-default\" data-eae-slider=\"28210\" data-id=\"91dfdcc\" data-element_type=\"section\" data-e-type=\"section\" data-settings=\"{&quot;_ha_eqh_enable&quot;:false}\">\n\t\t\t\t\t\t<div class=\"elementor-container elementor-column-gap-default\">\n\t\t\t\t\t<div class=\"has_eae_slider elementor-column elementor-col-100 elementor-top-column elementor-element elementor-element-f2de86c\" data-eae-slider=\"94245\" data-id=\"f2de86c\" data-element_type=\"column\" data-e-type=\"column\">\n\t\t\t<div class=\"elementor-widget-wrap elementor-element-populated\">\n\t\t\t\t\t\t<div class=\"elementor-element elementor-element-011b0ec elementor-align-center elementor-widget elementor-widget-button\" data-id=\"011b0ec\" data-element_type=\"widget\" data-e-type=\"widget\" data-widget_type=\"button.default\">\n\t\t\t\t<div class=\"elementor-widget-container\">\n\t\t\t\t\t\t\t\t\t<div class=\"elementor-button-wrapper\">\n\t\t\t\t\t<a class=\"elementor-button elementor-button-link elementor-size-sm\" href=\"http:\/\/www.koordium.se\/index.php\/kontakt\/\">\n\t\t\t\t\t\t<span class=\"elementor-button-content-wrapper\">\n\t\t\t\t\t\t\t\t\t<span class=\"elementor-button-text\">KONTAKT<\/span>\n\t\t\t\t\t<\/span>\n\t\t\t\t\t<\/a>\n\t\t\t\t<\/div>\n\t\t\t\t\t\t\t\t<\/div>\n\t\t\t\t<\/div>\n\t\t\t\t\t<\/div>\n\t\t<\/div>\n\t\t\t\t\t<\/div>\n\t\t<\/section>\n\t\t\t\t<section class=\"has_eae_slider elementor-section elementor-top-section elementor-element elementor-element-185b2ad elementor-section-boxed elementor-section-height-default elementor-section-height-default\" data-eae-slider=\"16447\" data-id=\"185b2ad\" data-element_type=\"section\" data-e-type=\"section\" data-settings=\"{&quot;_ha_eqh_enable&quot;:false}\">\n\t\t\t\t\t\t<div class=\"elementor-container elementor-column-gap-default\">\n\t\t\t\t\t<div class=\"has_eae_slider elementor-column elementor-col-100 elementor-top-column elementor-element elementor-element-703f80f\" data-eae-slider=\"65574\" data-id=\"703f80f\" data-element_type=\"column\" data-e-type=\"column\">\n\t\t\t<div class=\"elementor-widget-wrap elementor-element-populated\">\n\t\t\t\t\t\t<div class=\"elementor-element elementor-element-2cdc8c8 elementor-widget elementor-widget-spacer\" data-id=\"2cdc8c8\" data-element_type=\"widget\" data-e-type=\"widget\" data-widget_type=\"spacer.default\">\n\t\t\t\t<div class=\"elementor-widget-container\">\n\t\t\t\t\t\t\t<div class=\"elementor-spacer\">\n\t\t\t<div class=\"elementor-spacer-inner\"><\/div>\n\t\t<\/div>\n\t\t\t\t\t\t<\/div>\n\t\t\t\t<\/div>\n\t\t\t\t\t<\/div>\n\t\t<\/div>\n\t\t\t\t\t<\/div>\n\t\t<\/section>\n\t\t\t\t<\/div>\n\t\t","protected":false},"excerpt":{"rendered":"<p>Kvalitetsarbete Alla projekt m\u00e5ste genomsyras av en h\u00f6g och uth\u00e5llig kvalitetsniv\u00e5. Ofta gl\u00f6ms detta bort bland alla krav och m\u00e5sten, men i v\u00e5ra projekt har kvalitetsmedvetenhet och kvalitativ prestanda en viktig korrelation f\u00f6r att vi skall uppn\u00e5 v\u00e5ra projektm\u00e5l. Utan att ha kvalitet i fokus riskerar resultatet att bli kortlivat och det \u00e4r sv\u00e5rt att [&hellip;]<\/p>\n","protected":false},"author":3,"featured_media":1001,"parent":0,"menu_order":0,"comment_status":"closed","ping_status":"open","template":"elementor_header_footer","meta":{"_monsterinsights_skip_tracking":false,"_monsterinsights_sitenote_active":false,"_monsterinsights_sitenote_note":"","_monsterinsights_sitenote_category":0,"footnotes":""},"class_list":["post-105","page","type-page","status-publish","has-post-thumbnail","hentry"],"_links":{"self":[{"href":"http:\/\/www.koordium.se\/index.php\/wp-json\/wp\/v2\/pages\/105","targetHints":{"allow":["GET"]}}],"collection":[{"href":"http:\/\/www.koordium.se\/index.php\/wp-json\/wp\/v2\/pages"}],"about":[{"href":"http:\/\/www.koordium.se\/index.php\/wp-json\/wp\/v2\/types\/page"}],"author":[{"embeddable":true,"href":"http:\/\/www.koordium.se\/index.php\/wp-json\/wp\/v2\/users\/3"}],"replies":[{"embeddable":true,"href":"http:\/\/www.koordium.se\/index.php\/wp-json\/wp\/v2\/comments?post=105"}],"version-history":[{"count":10,"href":"http:\/\/www.koordium.se\/index.php\/wp-json\/wp\/v2\/pages\/105\/revisions"}],"predecessor-version":[{"id":1003,"href":"http:\/\/www.koordium.se\/index.php\/wp-json\/wp\/v2\/pages\/105\/revisions\/1003"}],"wp:featuredmedia":[{"embeddable":true,"href":"http:\/\/www.koordium.se\/index.php\/wp-json\/wp\/v2\/media\/1001"}],"wp:attachment":[{"href":"http:\/\/www.koordium.se\/index.php\/wp-json\/wp\/v2\/media?parent=105"}],"curies":[{"name":"wp","href":"https:\/\/api.w.org\/{rel}","templated":true}]}}