{"id":107,"date":"2012-01-26T10:36:05","date_gmt":"2012-01-26T10:36:05","guid":{"rendered":"http:\/\/www.koordium.se\/?page_id=107"},"modified":"2019-10-09T10:44:49","modified_gmt":"2019-10-09T07:44:49","slug":"it-kvalitet","status":"publish","type":"page","link":"http:\/\/www.koordium.se\/index.php\/it-kvalitet\/","title":{"rendered":"IT-kvalitet"},"content":{"rendered":"\t\t<div data-elementor-type=\"wp-page\" data-elementor-id=\"107\" class=\"elementor elementor-107\" data-elementor-settings=\"{&quot;ha_cmc_init_switcher&quot;:&quot;no&quot;}\">\n\t\t\t\t\t\t<section class=\"has_eae_slider elementor-section elementor-top-section elementor-element elementor-element-eebf374 elementor-section-full_width elementor-section-content-middle elementor-section-height-default elementor-section-height-default elementor-invisible\" data-eae-slider=\"29574\" data-id=\"eebf374\" data-element_type=\"section\" data-e-type=\"section\" data-settings=\"{&quot;background_background&quot;:&quot;classic&quot;,&quot;animation&quot;:&quot;fadeIn&quot;,&quot;_ha_eqh_enable&quot;:false}\">\n\t\t\t\t\t\t<div class=\"elementor-container elementor-column-gap-default\">\n\t\t\t\t\t<div class=\"has_eae_slider elementor-column elementor-col-100 elementor-top-column elementor-element elementor-element-4bd4cb7\" data-eae-slider=\"80799\" data-id=\"4bd4cb7\" data-element_type=\"column\" data-e-type=\"column\">\n\t\t\t<div class=\"elementor-widget-wrap\">\n\t\t\t\t\t\t\t<\/div>\n\t\t<\/div>\n\t\t\t\t\t<\/div>\n\t\t<\/section>\n\t\t\t\t<section class=\"has_eae_slider elementor-section elementor-top-section elementor-element elementor-element-2254578 elementor-section-boxed elementor-section-height-default elementor-section-height-default\" data-eae-slider=\"1007\" data-id=\"2254578\" data-element_type=\"section\" data-e-type=\"section\" data-settings=\"{&quot;_ha_eqh_enable&quot;:false}\">\n\t\t\t\t\t\t<div class=\"elementor-container elementor-column-gap-default\">\n\t\t\t\t\t<div class=\"has_eae_slider elementor-column elementor-col-100 elementor-top-column elementor-element elementor-element-e8b34b6\" data-eae-slider=\"12637\" data-id=\"e8b34b6\" data-element_type=\"column\" data-e-type=\"column\">\n\t\t\t<div class=\"elementor-widget-wrap elementor-element-populated\">\n\t\t\t\t\t\t<div class=\"elementor-element elementor-element-6518bb5 elementor-widget elementor-widget-spacer\" data-id=\"6518bb5\" data-element_type=\"widget\" data-e-type=\"widget\" data-widget_type=\"spacer.default\">\n\t\t\t\t<div class=\"elementor-widget-container\">\n\t\t\t\t\t\t\t<div class=\"elementor-spacer\">\n\t\t\t<div class=\"elementor-spacer-inner\"><\/div>\n\t\t<\/div>\n\t\t\t\t\t\t<\/div>\n\t\t\t\t<\/div>\n\t\t\t\t\t<\/div>\n\t\t<\/div>\n\t\t\t\t\t<\/div>\n\t\t<\/section>\n\t\t\t\t<section class=\"has_eae_slider elementor-section elementor-top-section elementor-element elementor-element-9a3bb5a elementor-section-boxed elementor-section-height-default elementor-section-height-default\" data-eae-slider=\"80524\" data-id=\"9a3bb5a\" data-element_type=\"section\" data-e-type=\"section\" data-settings=\"{&quot;_ha_eqh_enable&quot;:false}\">\n\t\t\t\t\t\t<div class=\"elementor-container elementor-column-gap-default\">\n\t\t\t\t\t<div class=\"has_eae_slider elementor-column elementor-col-100 elementor-top-column elementor-element elementor-element-40a0db3\" data-eae-slider=\"18436\" data-id=\"40a0db3\" data-element_type=\"column\" data-e-type=\"column\">\n\t\t\t<div class=\"elementor-widget-wrap elementor-element-populated\">\n\t\t\t\t\t\t<div class=\"elementor-element elementor-element-9d82d68 elementor-widget elementor-widget-heading\" data-id=\"9d82d68\" data-element_type=\"widget\" data-e-type=\"widget\" data-widget_type=\"heading.default\">\n\t\t\t\t<div class=\"elementor-widget-container\">\n\t\t\t\t\t<h1 class=\"elementor-heading-title elementor-size-large\">IT-kvalitet<\/h1>\t\t\t\t<\/div>\n\t\t\t\t<\/div>\n\t\t\t\t\t<\/div>\n\t\t<\/div>\n\t\t\t\t\t<\/div>\n\t\t<\/section>\n\t\t\t\t<section class=\"has_eae_slider elementor-section elementor-top-section elementor-element elementor-element-494902b2 elementor-section-boxed elementor-section-height-default elementor-section-height-default\" data-eae-slider=\"61329\" data-id=\"494902b2\" data-element_type=\"section\" data-e-type=\"section\" data-settings=\"{&quot;_ha_eqh_enable&quot;:false}\">\n\t\t\t\t\t\t<div class=\"elementor-container elementor-column-gap-default\">\n\t\t\t\t\t<div class=\"has_eae_slider elementor-column elementor-col-100 elementor-top-column elementor-element elementor-element-4424e68e\" data-eae-slider=\"49363\" data-id=\"4424e68e\" data-element_type=\"column\" data-e-type=\"column\">\n\t\t\t<div class=\"elementor-widget-wrap elementor-element-populated\">\n\t\t\t\t\t\t<div class=\"elementor-element elementor-element-2ae5ff7c elementor-widget elementor-widget-text-editor\" data-id=\"2ae5ff7c\" data-element_type=\"widget\" data-e-type=\"widget\" data-widget_type=\"text-editor.default\">\n\t\t\t\t<div class=\"elementor-widget-container\">\n\t\t\t\t\t\t\t\t\t<h4><span style=\"color: #000000;\">R\u00e4tt metoder samt r\u00e4tt h\u00e5rd- och mjukvara \u00e4r helt avg\u00f6rande i ett lyckat IT-projekt. Med v\u00e5r expertis och erfarenhet s\u00e4kerst\u00e4ller vi dessa kombineras p\u00e5 b\u00e4sta s\u00e4tt.<\/span><\/h4><p><span style=\"color: #000000;\">F\u00f6r att uppn\u00e5 en h\u00f6g IT-kvalitet m\u00e5ste du ha en \u00f6verblick av hela projektet, f\u00f6r att p\u00e5 s\u00e5 s\u00e4tt kunna f\u00f6rdjupa dig i de detaljer som \u00e4r av vikt. Inte s\u00e4llan har t.ex. v\u00e5ra uppdragsgivare best\u00e4mt sig f\u00f6r en viss h\u00e5rdvara, vilken vi kan se inte kommer att ge de resultat uppdragsgivaren \u00f6nskar \u2013 inte minst kostnadsm\u00e4ssigt.<\/span><\/p><p><span style=\"color: #000000;\">D\u00e4rf\u00f6r \u00e4r vi \u00e4rliga och uppriktiga i alla projekt \u2013 eftersom vi vet att det tillv\u00e4gag\u00e5ngss\u00e4ttet ger den mest kvalitativa l\u00f6sningen. En stor medvetenhet om totalkostnaden f\u00f6r en l\u00f6snings hela livscykel inneb\u00e4r att h\u00f6gsta kvalitet ofta blir den mest kostnadseffektiva och mest framg\u00e5ngsrika totall\u00f6sningen.<\/span><\/p>\t\t\t\t\t\t\t\t<\/div>\n\t\t\t\t<\/div>\n\t\t\t\t\t<\/div>\n\t\t<\/div>\n\t\t\t\t\t<\/div>\n\t\t<\/section>\n\t\t\t\t<section class=\"has_eae_slider elementor-section elementor-top-section elementor-element elementor-element-7702fbe elementor-section-boxed elementor-section-height-default elementor-section-height-default\" data-eae-slider=\"39486\" data-id=\"7702fbe\" data-element_type=\"section\" data-e-type=\"section\" data-settings=\"{&quot;_ha_eqh_enable&quot;:false}\">\n\t\t\t\t\t\t<div class=\"elementor-container elementor-column-gap-default\">\n\t\t\t\t\t<div class=\"has_eae_slider elementor-column elementor-col-100 elementor-top-column elementor-element elementor-element-7af2b7f\" data-eae-slider=\"31617\" data-id=\"7af2b7f\" data-element_type=\"column\" data-e-type=\"column\">\n\t\t\t<div class=\"elementor-widget-wrap elementor-element-populated\">\n\t\t\t\t\t\t<div class=\"elementor-element elementor-element-b5dbb97 elementor-align-center elementor-invisible elementor-widget elementor-widget-button\" data-id=\"b5dbb97\" data-element_type=\"widget\" data-e-type=\"widget\" data-settings=\"{&quot;_animation&quot;:&quot;fadeIn&quot;}\" data-widget_type=\"button.default\">\n\t\t\t\t<div class=\"elementor-widget-container\">\n\t\t\t\t\t\t\t\t\t<div class=\"elementor-button-wrapper\">\n\t\t\t\t\t<a class=\"elementor-button elementor-button-link elementor-size-sm\" href=\"http:\/\/www.koordium.se\/index.php\/kontakt\/\">\n\t\t\t\t\t\t<span class=\"elementor-button-content-wrapper\">\n\t\t\t\t\t\t\t\t\t<span class=\"elementor-button-text\">KONTAKT<\/span>\n\t\t\t\t\t<\/span>\n\t\t\t\t\t<\/a>\n\t\t\t\t<\/div>\n\t\t\t\t\t\t\t\t<\/div>\n\t\t\t\t<\/div>\n\t\t\t\t\t<\/div>\n\t\t<\/div>\n\t\t\t\t\t<\/div>\n\t\t<\/section>\n\t\t\t\t<section class=\"has_eae_slider elementor-section elementor-top-section elementor-element elementor-element-b3faff1 elementor-section-boxed elementor-section-height-default elementor-section-height-default\" data-eae-slider=\"76889\" data-id=\"b3faff1\" data-element_type=\"section\" data-e-type=\"section\" data-settings=\"{&quot;_ha_eqh_enable&quot;:false}\">\n\t\t\t\t\t\t<div class=\"elementor-container elementor-column-gap-default\">\n\t\t\t\t\t<div class=\"has_eae_slider elementor-column elementor-col-100 elementor-top-column elementor-element elementor-element-bbf1c0a\" data-eae-slider=\"70311\" data-id=\"bbf1c0a\" data-element_type=\"column\" data-e-type=\"column\">\n\t\t\t<div class=\"elementor-widget-wrap elementor-element-populated\">\n\t\t\t\t\t\t<div class=\"elementor-element elementor-element-409ef69 elementor-widget elementor-widget-spacer\" data-id=\"409ef69\" data-element_type=\"widget\" data-e-type=\"widget\" data-widget_type=\"spacer.default\">\n\t\t\t\t<div class=\"elementor-widget-container\">\n\t\t\t\t\t\t\t<div class=\"elementor-spacer\">\n\t\t\t<div class=\"elementor-spacer-inner\"><\/div>\n\t\t<\/div>\n\t\t\t\t\t\t<\/div>\n\t\t\t\t<\/div>\n\t\t\t\t\t<\/div>\n\t\t<\/div>\n\t\t\t\t\t<\/div>\n\t\t<\/section>\n\t\t\t\t<\/div>\n\t\t","protected":false},"excerpt":{"rendered":"<p>IT-kvalitet R\u00e4tt metoder samt r\u00e4tt h\u00e5rd- och mjukvara \u00e4r helt avg\u00f6rande i ett lyckat IT-projekt. Med v\u00e5r expertis och erfarenhet s\u00e4kerst\u00e4ller vi dessa kombineras p\u00e5 b\u00e4sta s\u00e4tt. F\u00f6r att uppn\u00e5 en h\u00f6g IT-kvalitet m\u00e5ste du ha en \u00f6verblick av hela projektet, f\u00f6r att p\u00e5 s\u00e5 s\u00e4tt kunna f\u00f6rdjupa dig i de detaljer som \u00e4r av [&hellip;]<\/p>\n","protected":false},"author":3,"featured_media":993,"parent":0,"menu_order":0,"comment_status":"closed","ping_status":"open","template":"elementor_header_footer","meta":{"_monsterinsights_skip_tracking":false,"_monsterinsights_sitenote_active":false,"_monsterinsights_sitenote_note":"","_monsterinsights_sitenote_category":0,"footnotes":""},"class_list":["post-107","page","type-page","status-publish","has-post-thumbnail","hentry"],"_links":{"self":[{"href":"http:\/\/www.koordium.se\/index.php\/wp-json\/wp\/v2\/pages\/107","targetHints":{"allow":["GET"]}}],"collection":[{"href":"http:\/\/www.koordium.se\/index.php\/wp-json\/wp\/v2\/pages"}],"about":[{"href":"http:\/\/www.koordium.se\/index.php\/wp-json\/wp\/v2\/types\/page"}],"author":[{"embeddable":true,"href":"http:\/\/www.koordium.se\/index.php\/wp-json\/wp\/v2\/users\/3"}],"replies":[{"embeddable":true,"href":"http:\/\/www.koordium.se\/index.php\/wp-json\/wp\/v2\/comments?post=107"}],"version-history":[{"count":11,"href":"http:\/\/www.koordium.se\/index.php\/wp-json\/wp\/v2\/pages\/107\/revisions"}],"predecessor-version":[{"id":994,"href":"http:\/\/www.koordium.se\/index.php\/wp-json\/wp\/v2\/pages\/107\/revisions\/994"}],"wp:featuredmedia":[{"embeddable":true,"href":"http:\/\/www.koordium.se\/index.php\/wp-json\/wp\/v2\/media\/993"}],"wp:attachment":[{"href":"http:\/\/www.koordium.se\/index.php\/wp-json\/wp\/v2\/media?parent=107"}],"curies":[{"name":"wp","href":"https:\/\/api.w.org\/{rel}","templated":true}]}}