{"id":247,"date":"2012-02-03T10:50:10","date_gmt":"2012-02-03T10:50:10","guid":{"rendered":"http:\/\/www.koordium.se\/?page_id=247"},"modified":"2019-10-09T15:55:13","modified_gmt":"2019-10-09T12:55:13","slug":"karriar","status":"publish","type":"page","link":"http:\/\/www.koordium.se\/index.php\/karriar\/","title":{"rendered":"Karri\u00e4r"},"content":{"rendered":"\t\t<div data-elementor-type=\"wp-page\" data-elementor-id=\"247\" class=\"elementor elementor-247\" data-elementor-settings=\"{&quot;ha_cmc_init_switcher&quot;:&quot;no&quot;}\">\n\t\t\t\t\t\t<section class=\"has_eae_slider elementor-section elementor-top-section elementor-element elementor-element-bd9d52b elementor-section-full_width elementor-section-content-middle elementor-section-height-default elementor-section-height-default elementor-invisible\" data-eae-slider=\"5045\" data-id=\"bd9d52b\" data-element_type=\"section\" data-e-type=\"section\" data-settings=\"{&quot;background_background&quot;:&quot;classic&quot;,&quot;animation&quot;:&quot;fadeIn&quot;,&quot;_ha_eqh_enable&quot;:false}\">\n\t\t\t\t\t\t<div class=\"elementor-container elementor-column-gap-default\">\n\t\t\t\t\t<div class=\"has_eae_slider elementor-column elementor-col-100 elementor-top-column elementor-element elementor-element-7ab9522\" data-eae-slider=\"82390\" data-id=\"7ab9522\" data-element_type=\"column\" data-e-type=\"column\">\n\t\t\t<div class=\"elementor-widget-wrap\">\n\t\t\t\t\t\t\t<\/div>\n\t\t<\/div>\n\t\t\t\t\t<\/div>\n\t\t<\/section>\n\t\t\t\t<section class=\"has_eae_slider elementor-section elementor-top-section elementor-element elementor-element-4ed27c2 elementor-section-boxed elementor-section-height-default elementor-section-height-default\" data-eae-slider=\"55978\" data-id=\"4ed27c2\" data-element_type=\"section\" data-e-type=\"section\" data-settings=\"{&quot;_ha_eqh_enable&quot;:false}\">\n\t\t\t\t\t\t<div class=\"elementor-container elementor-column-gap-default\">\n\t\t\t\t\t<div class=\"has_eae_slider elementor-column elementor-col-100 elementor-top-column elementor-element elementor-element-e716ab9\" data-eae-slider=\"72028\" data-id=\"e716ab9\" data-element_type=\"column\" data-e-type=\"column\">\n\t\t\t<div class=\"elementor-widget-wrap elementor-element-populated\">\n\t\t\t\t\t\t<div class=\"elementor-element elementor-element-3af9252 elementor-widget elementor-widget-spacer\" data-id=\"3af9252\" data-element_type=\"widget\" data-e-type=\"widget\" data-widget_type=\"spacer.default\">\n\t\t\t\t<div class=\"elementor-widget-container\">\n\t\t\t\t\t\t\t<div class=\"elementor-spacer\">\n\t\t\t<div class=\"elementor-spacer-inner\"><\/div>\n\t\t<\/div>\n\t\t\t\t\t\t<\/div>\n\t\t\t\t<\/div>\n\t\t\t\t\t<\/div>\n\t\t<\/div>\n\t\t\t\t\t<\/div>\n\t\t<\/section>\n\t\t\t\t<section class=\"has_eae_slider elementor-section elementor-top-section elementor-element elementor-element-7059819 elementor-section-boxed elementor-section-height-default elementor-section-height-default\" data-eae-slider=\"64845\" data-id=\"7059819\" data-element_type=\"section\" data-e-type=\"section\" data-settings=\"{&quot;_ha_eqh_enable&quot;:false}\">\n\t\t\t\t\t\t<div class=\"elementor-container elementor-column-gap-default\">\n\t\t\t\t\t<div class=\"has_eae_slider elementor-column elementor-col-100 elementor-top-column elementor-element elementor-element-202e211\" data-eae-slider=\"52865\" data-id=\"202e211\" data-element_type=\"column\" data-e-type=\"column\">\n\t\t\t<div class=\"elementor-widget-wrap elementor-element-populated\">\n\t\t\t\t\t\t<div class=\"elementor-element elementor-element-4782ce2 elementor-widget elementor-widget-heading\" data-id=\"4782ce2\" data-element_type=\"widget\" data-e-type=\"widget\" data-widget_type=\"heading.default\">\n\t\t\t\t<div class=\"elementor-widget-container\">\n\t\t\t\t\t<h1 class=\"elementor-heading-title elementor-size-large\">Karri\u00e4r i Koordium Consulting<\/h1>\t\t\t\t<\/div>\n\t\t\t\t<\/div>\n\t\t\t\t\t<\/div>\n\t\t<\/div>\n\t\t\t\t\t<\/div>\n\t\t<\/section>\n\t\t\t\t<section class=\"has_eae_slider elementor-section elementor-top-section elementor-element elementor-element-7afc4baf elementor-section-boxed elementor-section-height-default elementor-section-height-default\" data-eae-slider=\"58195\" data-id=\"7afc4baf\" data-element_type=\"section\" data-e-type=\"section\" data-settings=\"{&quot;_ha_eqh_enable&quot;:false}\">\n\t\t\t\t\t\t<div class=\"elementor-container elementor-column-gap-default\">\n\t\t\t\t\t<div class=\"has_eae_slider elementor-column elementor-col-100 elementor-top-column elementor-element elementor-element-16d535fc\" data-eae-slider=\"87744\" data-id=\"16d535fc\" data-element_type=\"column\" data-e-type=\"column\">\n\t\t\t<div class=\"elementor-widget-wrap elementor-element-populated\">\n\t\t\t\t\t\t<section class=\"has_eae_slider elementor-section elementor-inner-section elementor-element elementor-element-6a71c06 elementor-section-boxed elementor-section-height-default elementor-section-height-default\" data-eae-slider=\"86028\" data-id=\"6a71c06\" data-element_type=\"section\" data-e-type=\"section\" data-settings=\"{&quot;_ha_eqh_enable&quot;:false}\">\n\t\t\t\t\t\t<div class=\"elementor-container elementor-column-gap-default\">\n\t\t\t\t\t<div class=\"has_eae_slider elementor-column elementor-col-50 elementor-inner-column elementor-element elementor-element-9f1ca59\" data-eae-slider=\"25454\" data-id=\"9f1ca59\" data-element_type=\"column\" data-e-type=\"column\">\n\t\t\t<div class=\"elementor-widget-wrap elementor-element-populated\">\n\t\t\t\t\t\t<div class=\"elementor-element elementor-element-036982f elementor-widget elementor-widget-text-editor\" data-id=\"036982f\" data-element_type=\"widget\" data-e-type=\"widget\" data-widget_type=\"text-editor.default\">\n\t\t\t\t<div class=\"elementor-widget-container\">\n\t\t\t\t\t\t\t\t\t<h4 style=\"font-variant-ligatures: normal; font-variant-caps: normal; font-style: normal;\"><span style=\"color: #000000;\">Som ett relativt ungt konsultbolag har vi stora ambitioner med en klok, v\u00e4lplanerad och effektiv organisk tillv\u00e4xt.<\/span><\/h4><p style=\"font-variant-ligatures: normal; font-variant-caps: normal; font-family: Roboto, sans-serif; font-size: 14px; font-style: normal; font-weight: 400;\"><span style=\"color: #000000;\">Vi f\u00f6rs\u00f6ker st\u00e4ndigt hitta nya fantastiska och kompetenta medarbetare till v\u00e5r verksamhet, dels f\u00f6r att tillf\u00e4lligt bemanna med specialistkompetens i enskilda projekt, men ocks\u00e5 f\u00f6r anst\u00e4llning som egna konsultmedarbetare.<\/span><\/p><h5 style=\"font-variant-ligatures: normal; font-variant-caps: normal; font-style: normal;\"><span style=\"color: #000000;\">Kom och hj\u00e4lp oss att skapa aff\u00e4rsnytta<\/span><\/h5><p style=\"font-variant-ligatures: normal; font-variant-caps: normal; font-family: Roboto, sans-serif; font-size: 14px; font-style: normal; font-weight: 400;\"><span style=\"color: #000000;\">Ofta \u00e4r v\u00e4gen in till oss som anst\u00e4lld konsult att g\u00e5 via ett eller flera uppdrag som underkonsult. Kanske k\u00e4nner du dig ensam eller beh\u00f6ver en strukturerad och v\u00e4lorganiserad projektledare f\u00f6r dina tekniska projekt? Kom till oss med dina projekt och l\u00e5t oss tillsammans ta hand om dem!<\/span><\/p><p style=\"font-variant-ligatures: normal; font-variant-caps: normal; font-family: Roboto, sans-serif; font-size: 14px; font-style: normal; font-weight: 400;\"><span style=\"color: #000000;\">Ber\u00e4tta om dig sj\u00e4lv i ett personligt brev och vad du tror att du kan tillf\u00f6ra som konsult. Skicka brev och g\u00e4rna ett CV till mig, <a href=\"mailto:johan.hemstrom@koordium.se\">Johan Hemstr\u00f6m<\/a>.\u00a0<\/span><span style=\"color: #000000;\">Du kan \u00e4ven ringa mig p\u00e5 0708-99 00 30 om du har fr\u00e5gor som \u00e4r l\u00e4ttare att ta p\u00e5 telefon.<\/span><\/p><p style=\"font-variant-ligatures: normal; font-variant-caps: normal; font-family: Roboto, sans-serif; font-size: 14px; font-style: normal; font-weight: 400;\"><span style=\"color: #000000;\">Vi hoppas att du vill tr\u00e4ffa oss \u2013 f\u00f6r vi vill verkligen tr\u00e4ffa dig!<\/span><\/p>\t\t\t\t\t\t\t\t<\/div>\n\t\t\t\t<\/div>\n\t\t\t\t\t<\/div>\n\t\t<\/div>\n\t\t\t\t<div class=\"has_eae_slider elementor-column elementor-col-50 elementor-inner-column elementor-element elementor-element-e0bf182\" data-eae-slider=\"55304\" data-id=\"e0bf182\" data-element_type=\"column\" data-e-type=\"column\">\n\t\t\t<div class=\"elementor-widget-wrap elementor-element-populated\">\n\t\t\t\t\t\t<div class=\"elementor-element elementor-element-951052e elementor-invisible elementor-widget elementor-widget-image\" data-id=\"951052e\" data-element_type=\"widget\" data-e-type=\"widget\" data-settings=\"{&quot;_animation&quot;:&quot;fadeIn&quot;}\" data-widget_type=\"image.default\">\n\t\t\t\t<div class=\"elementor-widget-container\">\n\t\t\t\t\t\t\t\t\t\t\t\t\t\t\t<img fetchpriority=\"high\" decoding=\"async\" width=\"580\" height=\"580\" src=\"http:\/\/www.koordium.se\/wp-content\/uploads\/2019\/09\/rekrytering-1024x1024.jpg\" class=\"attachment-large size-large wp-image-683\" alt=\"Rekrytering\" srcset=\"http:\/\/www.koordium.se\/wp-content\/uploads\/2019\/09\/rekrytering-1024x1024.jpg 1024w, http:\/\/www.koordium.se\/wp-content\/uploads\/2019\/09\/rekrytering-150x150.jpg 150w, http:\/\/www.koordium.se\/wp-content\/uploads\/2019\/09\/rekrytering-300x300.jpg 300w, http:\/\/www.koordium.se\/wp-content\/uploads\/2019\/09\/rekrytering-768x768.jpg 768w\" sizes=\"(max-width: 580px) 100vw, 580px\" \/>\t\t\t\t\t\t\t\t\t\t\t\t\t\t\t<\/div>\n\t\t\t\t<\/div>\n\t\t\t\t\t<\/div>\n\t\t<\/div>\n\t\t\t\t\t<\/div>\n\t\t<\/section>\n\t\t\t\t\t<\/div>\n\t\t<\/div>\n\t\t\t\t\t<\/div>\n\t\t<\/section>\n\t\t\t\t<section class=\"has_eae_slider elementor-section elementor-top-section elementor-element elementor-element-cab2238 elementor-section-boxed elementor-section-height-default elementor-section-height-default\" data-eae-slider=\"24259\" data-id=\"cab2238\" data-element_type=\"section\" data-e-type=\"section\" data-settings=\"{&quot;_ha_eqh_enable&quot;:false}\">\n\t\t\t\t\t\t<div class=\"elementor-container elementor-column-gap-default\">\n\t\t\t\t\t<div class=\"has_eae_slider elementor-column elementor-col-100 elementor-top-column elementor-element elementor-element-31225b6\" data-eae-slider=\"99802\" data-id=\"31225b6\" data-element_type=\"column\" data-e-type=\"column\">\n\t\t\t<div class=\"elementor-widget-wrap elementor-element-populated\">\n\t\t\t\t\t\t<div class=\"elementor-element elementor-element-02bed7f elementor-align-center elementor-invisible elementor-widget elementor-widget-button\" data-id=\"02bed7f\" data-element_type=\"widget\" data-e-type=\"widget\" data-settings=\"{&quot;_animation&quot;:&quot;fadeIn&quot;}\" data-widget_type=\"button.default\">\n\t\t\t\t<div class=\"elementor-widget-container\">\n\t\t\t\t\t\t\t\t\t<div class=\"elementor-button-wrapper\">\n\t\t\t\t\t<a class=\"elementor-button elementor-button-link elementor-size-sm\" href=\"http:\/\/www.koordium.se\/index.php\/kontakt\/\">\n\t\t\t\t\t\t<span class=\"elementor-button-content-wrapper\">\n\t\t\t\t\t\t\t\t\t<span class=\"elementor-button-text\">KONTAKT<\/span>\n\t\t\t\t\t<\/span>\n\t\t\t\t\t<\/a>\n\t\t\t\t<\/div>\n\t\t\t\t\t\t\t\t<\/div>\n\t\t\t\t<\/div>\n\t\t\t\t\t<\/div>\n\t\t<\/div>\n\t\t\t\t\t<\/div>\n\t\t<\/section>\n\t\t\t\t<section class=\"has_eae_slider elementor-section elementor-top-section elementor-element elementor-element-9646e00 elementor-section-boxed elementor-section-height-default elementor-section-height-default\" data-eae-slider=\"35106\" data-id=\"9646e00\" data-element_type=\"section\" data-e-type=\"section\" data-settings=\"{&quot;_ha_eqh_enable&quot;:false}\">\n\t\t\t\t\t\t<div class=\"elementor-container elementor-column-gap-default\">\n\t\t\t\t\t<div class=\"has_eae_slider elementor-column elementor-col-100 elementor-top-column elementor-element elementor-element-14e0d85\" data-eae-slider=\"78776\" data-id=\"14e0d85\" data-element_type=\"column\" data-e-type=\"column\">\n\t\t\t<div class=\"elementor-widget-wrap elementor-element-populated\">\n\t\t\t\t\t\t<div class=\"elementor-element elementor-element-5656cba elementor-widget elementor-widget-spacer\" data-id=\"5656cba\" data-element_type=\"widget\" data-e-type=\"widget\" data-widget_type=\"spacer.default\">\n\t\t\t\t<div class=\"elementor-widget-container\">\n\t\t\t\t\t\t\t<div class=\"elementor-spacer\">\n\t\t\t<div class=\"elementor-spacer-inner\"><\/div>\n\t\t<\/div>\n\t\t\t\t\t\t<\/div>\n\t\t\t\t<\/div>\n\t\t\t\t\t<\/div>\n\t\t<\/div>\n\t\t\t\t\t<\/div>\n\t\t<\/section>\n\t\t\t\t<\/div>\n\t\t","protected":false},"excerpt":{"rendered":"<p>Karri\u00e4r i Koordium Consulting Som ett relativt ungt konsultbolag har vi stora ambitioner med en klok, v\u00e4lplanerad och effektiv organisk tillv\u00e4xt. Vi f\u00f6rs\u00f6ker st\u00e4ndigt hitta nya fantastiska och kompetenta medarbetare till v\u00e5r verksamhet, dels f\u00f6r att tillf\u00e4lligt bemanna med specialistkompetens i enskilda projekt, men ocks\u00e5 f\u00f6r anst\u00e4llning som egna konsultmedarbetare. Kom och hj\u00e4lp oss att [&hellip;]<\/p>\n","protected":false},"author":3,"featured_media":1014,"parent":0,"menu_order":0,"comment_status":"closed","ping_status":"open","template":"elementor_header_footer","meta":{"_monsterinsights_skip_tracking":false,"_monsterinsights_sitenote_active":false,"_monsterinsights_sitenote_note":"","_monsterinsights_sitenote_category":0,"footnotes":""},"class_list":["post-247","page","type-page","status-publish","has-post-thumbnail","hentry"],"_links":{"self":[{"href":"http:\/\/www.koordium.se\/index.php\/wp-json\/wp\/v2\/pages\/247","targetHints":{"allow":["GET"]}}],"collection":[{"href":"http:\/\/www.koordium.se\/index.php\/wp-json\/wp\/v2\/pages"}],"about":[{"href":"http:\/\/www.koordium.se\/index.php\/wp-json\/wp\/v2\/types\/page"}],"author":[{"embeddable":true,"href":"http:\/\/www.koordium.se\/index.php\/wp-json\/wp\/v2\/users\/3"}],"replies":[{"embeddable":true,"href":"http:\/\/www.koordium.se\/index.php\/wp-json\/wp\/v2\/comments?post=247"}],"version-history":[{"count":26,"href":"http:\/\/www.koordium.se\/index.php\/wp-json\/wp\/v2\/pages\/247\/revisions"}],"predecessor-version":[{"id":1018,"href":"http:\/\/www.koordium.se\/index.php\/wp-json\/wp\/v2\/pages\/247\/revisions\/1018"}],"wp:featuredmedia":[{"embeddable":true,"href":"http:\/\/www.koordium.se\/index.php\/wp-json\/wp\/v2\/media\/1014"}],"wp:attachment":[{"href":"http:\/\/www.koordium.se\/index.php\/wp-json\/wp\/v2\/media?parent=247"}],"curies":[{"name":"wp","href":"https:\/\/api.w.org\/{rel}","templated":true}]}}