{"id":559,"date":"2018-05-04T12:07:34","date_gmt":"2018-05-04T11:07:34","guid":{"rendered":"http:\/\/www.koordium.se\/?page_id=559"},"modified":"2019-10-09T08:35:58","modified_gmt":"2019-10-09T05:35:58","slug":"integritetspolicy","status":"publish","type":"page","link":"http:\/\/www.koordium.se\/index.php\/integritetspolicy\/","title":{"rendered":"Integritetspolicy"},"content":{"rendered":"\t\t<div data-elementor-type=\"wp-page\" data-elementor-id=\"559\" class=\"elementor elementor-559\" data-elementor-settings=\"{&quot;ha_cmc_init_switcher&quot;:&quot;no&quot;}\">\n\t\t\t\t\t\t<section class=\"has_eae_slider elementor-section elementor-top-section elementor-element elementor-element-5e29673 elementor-section-full_width elementor-section-content-middle elementor-section-height-default elementor-section-height-default elementor-invisible\" data-eae-slider=\"32743\" data-id=\"5e29673\" data-element_type=\"section\" data-e-type=\"section\" data-settings=\"{&quot;background_background&quot;:&quot;classic&quot;,&quot;animation&quot;:&quot;fadeIn&quot;,&quot;_ha_eqh_enable&quot;:false}\">\n\t\t\t\t\t\t<div class=\"elementor-container elementor-column-gap-default\">\n\t\t\t\t\t<div class=\"has_eae_slider elementor-column elementor-col-100 elementor-top-column elementor-element elementor-element-98a166c\" data-eae-slider=\"70508\" data-id=\"98a166c\" data-element_type=\"column\" data-e-type=\"column\">\n\t\t\t<div class=\"elementor-widget-wrap\">\n\t\t\t\t\t\t\t<\/div>\n\t\t<\/div>\n\t\t\t\t\t<\/div>\n\t\t<\/section>\n\t\t\t\t<section class=\"has_eae_slider elementor-section elementor-top-section elementor-element elementor-element-b72b99b elementor-section-boxed elementor-section-height-default elementor-section-height-default\" data-eae-slider=\"11148\" data-id=\"b72b99b\" data-element_type=\"section\" data-e-type=\"section\" data-settings=\"{&quot;_ha_eqh_enable&quot;:false}\">\n\t\t\t\t\t\t<div class=\"elementor-container elementor-column-gap-default\">\n\t\t\t\t\t<div class=\"has_eae_slider elementor-column elementor-col-100 elementor-top-column elementor-element elementor-element-0f1d29c\" data-eae-slider=\"69682\" data-id=\"0f1d29c\" data-element_type=\"column\" data-e-type=\"column\">\n\t\t\t<div class=\"elementor-widget-wrap elementor-element-populated\">\n\t\t\t\t\t\t<div class=\"elementor-element elementor-element-56683dd elementor-widget elementor-widget-spacer\" data-id=\"56683dd\" data-element_type=\"widget\" data-e-type=\"widget\" data-widget_type=\"spacer.default\">\n\t\t\t\t<div class=\"elementor-widget-container\">\n\t\t\t\t\t\t\t<div class=\"elementor-spacer\">\n\t\t\t<div class=\"elementor-spacer-inner\"><\/div>\n\t\t<\/div>\n\t\t\t\t\t\t<\/div>\n\t\t\t\t<\/div>\n\t\t\t\t\t<\/div>\n\t\t<\/div>\n\t\t\t\t\t<\/div>\n\t\t<\/section>\n\t\t\t\t<section class=\"has_eae_slider elementor-section elementor-top-section elementor-element elementor-element-58be4a3 elementor-section-boxed elementor-section-height-default elementor-section-height-default\" data-eae-slider=\"59141\" data-id=\"58be4a3\" data-element_type=\"section\" data-e-type=\"section\" data-settings=\"{&quot;_ha_eqh_enable&quot;:false}\">\n\t\t\t\t\t\t<div class=\"elementor-container elementor-column-gap-default\">\n\t\t\t\t\t<div class=\"has_eae_slider elementor-column elementor-col-100 elementor-top-column elementor-element elementor-element-90ba424\" data-eae-slider=\"53796\" data-id=\"90ba424\" data-element_type=\"column\" data-e-type=\"column\">\n\t\t\t<div class=\"elementor-widget-wrap elementor-element-populated\">\n\t\t\t\t\t\t<div class=\"elementor-element elementor-element-7b20996 elementor-widget elementor-widget-heading\" data-id=\"7b20996\" data-element_type=\"widget\" data-e-type=\"widget\" data-widget_type=\"heading.default\">\n\t\t\t\t<div class=\"elementor-widget-container\">\n\t\t\t\t\t<h1 class=\"elementor-heading-title elementor-size-large\">Integritetspolicy<\/h1>\t\t\t\t<\/div>\n\t\t\t\t<\/div>\n\t\t\t\t\t<\/div>\n\t\t<\/div>\n\t\t\t\t\t<\/div>\n\t\t<\/section>\n\t\t\t\t<section class=\"has_eae_slider elementor-section elementor-top-section elementor-element elementor-element-2317c694 elementor-section-boxed elementor-section-height-default elementor-section-height-default\" data-eae-slider=\"23228\" data-id=\"2317c694\" data-element_type=\"section\" data-e-type=\"section\" data-settings=\"{&quot;_ha_eqh_enable&quot;:false}\">\n\t\t\t\t\t\t<div class=\"elementor-container elementor-column-gap-default\">\n\t\t\t\t\t<div class=\"has_eae_slider elementor-column elementor-col-100 elementor-top-column elementor-element elementor-element-29d753fa\" data-eae-slider=\"53889\" data-id=\"29d753fa\" data-element_type=\"column\" data-e-type=\"column\">\n\t\t\t<div class=\"elementor-widget-wrap elementor-element-populated\">\n\t\t\t\t\t\t<div class=\"elementor-element elementor-element-3c814675 elementor-widget elementor-widget-text-editor\" data-id=\"3c814675\" data-element_type=\"widget\" data-e-type=\"widget\" data-widget_type=\"text-editor.default\">\n\t\t\t\t<div class=\"elementor-widget-container\">\n\t\t\t\t\t\t\t\t\t<h4><span style=\"color: #000000;\"><strong>Koordium Consulting AB (publ), 556850-8336, \u00e4r personuppgiftsansvarig f\u00f6r den behandling av personuppgifter som \u00e4ger rum p\u00e5 denna webbplats.<\/strong><\/span><\/h4><p><span style=\"color: #000000;\">Koordium Consulting m\u00e5nar om den personliga integriteten f\u00f6r dig som bes\u00f6ker webbplatsen. Vi ansvarar f\u00f6r att de personuppgifter som samlas in av oss p\u00e5 webbplatsen endast anv\u00e4nds f\u00f6r avsett \u00e4ndam\u00e5l. Vi skyddar dem mot obeh\u00f6rig \u00e5tkomst och anv\u00e4ndning.<\/span><\/p><h5><span style=\"color: #000000;\">Generellt om personuppgifter<\/span><\/h5><p><span style=\"color: #000000;\">F\u00f6r att vi ska kunna svara p\u00e5 en fr\u00e5ga eller uppfylla en beg\u00e4ran fr\u00e5n dig, m\u00e5ste du ibland l\u00e4mna personuppgifter, t.ex. <strong>namn<\/strong>, <strong>adress<\/strong>, <strong>mejladress<\/strong> och <strong>telefonnummer<\/strong>. Den informationen anv\u00e4nds f\u00f6r att kontakta dig. Vi ansvarar f\u00f6r att de personuppgifter som samlas in av oss p\u00e5 webbplatsen eller p\u00e5 annat s\u00e4tt endast anv\u00e4nds f\u00f6r avsett \u00e4ndam\u00e5l. Vi skyddar dem \u00e4ven mot obeh\u00f6rig \u00e5tkomst och anv\u00e4ndning.<\/span><\/p><h5><span style=\"color: #000000;\">V\u00e5r webbplats<\/span><\/h5><p><span style=\"color: #000000;\">Personuppgifter som l\u00e4mnas p\u00e5 Koordiums webbsida (<\/span><a href=\"http:\/\/www.koordium.se\/\">www.koordium.se<\/a><span style=\"color: #000000;\">) i samband med nedladdning av material s\u00e5som white papers, e-guider eller motsvarande, anv\u00e4nds f\u00f6r att kunna kontakta dig och erbjuda annan relevant och relaterad information och\/eller f\u00f6r inbjudning till event h\u00e5llna av oss.<\/span><\/p><p><span style=\"color: #000000;\">N\u00e4r du bes\u00f6ker den h\u00e4r webbplatsen registreras din <strong>IP-adress<\/strong> automatiskt och den anv\u00e4nds sedan f\u00f6r att m\u00e4ta bes\u00f6ksfrekvens och statistik p\u00e5 webbplatsen. IP-adressen sparas inte p\u00e5 individniv\u00e5. Information du skickar in anv\u00e4nds ocks\u00e5 i analysverktyg f\u00f6r att b\u00e4ttre f\u00f6rst\u00e5 vad som \u00e4r relevant information f\u00f6r dig\u00a0samt f\u00f6r att g\u00f6ra det enklare f\u00f6r dig att navigera p\u00e5 webbplatsen.<\/span><\/p><h5><span style=\"color: #000000;\">Underleverant\u00f6rer<\/span><\/h5><p><span style=\"color: #000000;\">Personuppgifter kan i undantagsfall komma att l\u00e4mnas ut till underleverant\u00f6rer som Koordium Consulting anlitar f\u00f6r att utf\u00f6ra en tj\u00e4nst, d.v.s. f\u00f6r hantering av transaktionsdata, inbjudningar eller liknande. S\u00e5dan underleverant\u00f6r \u00e4r personuppgiftsbitr\u00e4de \u00e5t Koordium Consulting och dessa v\u00e4ljs med ytterst str\u00e4nga krav.<\/span><\/p><p><span style=\"color: #000000;\">Koordium Consulting l\u00e4mnar inte ut personuppgifter till tredje part i andra fall \u00e4n vad som framg\u00e5r av denna integritetspolicy. Personuppgifter kan komma att l\u00e4mnas ut till polis eller annan myndighet om Koordium Consulting blir skyldigt att l\u00e4mna ut uppgiften enligt lag eller myndighetsbeslut.<\/span><\/p><h5><span style=\"color: #000000;\">Kontakta oss om du har fr\u00e5gor<\/span><\/h5><p><span style=\"color: #000000;\">Om du har fr\u00e5gor r\u00f6rande denna integritetspolicy eller om Koordium Consultings behandling av personuppgifter, eller vill ha felaktiga uppgifter r\u00e4ttade, \u00e4r du v\u00e4lkommen att ta kontakt med <a style=\"color: #000000;\" href=\"mailto:gdpr@koordium.se\">Personuppgiftsansvarig<\/a> p\u00e5 Koordium Consulting AB.<\/span><\/p><p><span style=\"color: #000000;\">Du har \u00e4ven r\u00e4tt att kostnadsfritt en g\u00e5ng per kalender\u00e5r beg\u00e4ra information om personuppgifter som behandlas om dig hos Koordium Consulting. S\u00e5dan beg\u00e4ran om registerutdrag ska g\u00f6ras skriftligen, vara egenh\u00e4ndigt undertecknad av dig och postas till:<\/span><\/p><p><span style=\"color: #000000;\"><em>Koordium Consulting AB<\/em><\/span><br \/><span style=\"color: #000000;\"><em>Att: Personuppgiftsansvarig<\/em><\/span><br \/><span style=\"color: #000000;\"><em>S\u00f6derbyv\u00e4gen 3C<\/em><\/span><br \/><span style=\"color: #000000;\"><em>195 60 Arlandastad<\/em><\/span><\/p>\t\t\t\t\t\t\t\t<\/div>\n\t\t\t\t<\/div>\n\t\t\t\t\t<\/div>\n\t\t<\/div>\n\t\t\t\t\t<\/div>\n\t\t<\/section>\n\t\t\t\t<section class=\"has_eae_slider elementor-section elementor-top-section elementor-element elementor-element-645ea2e elementor-section-boxed elementor-section-height-default elementor-section-height-default\" data-eae-slider=\"73192\" data-id=\"645ea2e\" data-element_type=\"section\" data-e-type=\"section\" data-settings=\"{&quot;_ha_eqh_enable&quot;:false}\">\n\t\t\t\t\t\t<div class=\"elementor-container elementor-column-gap-default\">\n\t\t\t\t\t<div class=\"has_eae_slider elementor-column elementor-col-100 elementor-top-column elementor-element elementor-element-8184bba\" data-eae-slider=\"25315\" data-id=\"8184bba\" data-element_type=\"column\" data-e-type=\"column\">\n\t\t\t<div class=\"elementor-widget-wrap elementor-element-populated\">\n\t\t\t\t\t\t<div class=\"elementor-element elementor-element-94b96ae elementor-align-center elementor-invisible elementor-widget elementor-widget-button\" data-id=\"94b96ae\" data-element_type=\"widget\" data-e-type=\"widget\" data-settings=\"{&quot;_animation&quot;:&quot;fadeIn&quot;}\" data-widget_type=\"button.default\">\n\t\t\t\t<div class=\"elementor-widget-container\">\n\t\t\t\t\t\t\t\t\t<div class=\"elementor-button-wrapper\">\n\t\t\t\t\t<a class=\"elementor-button elementor-button-link elementor-size-sm\" href=\"http:\/\/www.koordium.se\/index.php\/kakpolicy\">\n\t\t\t\t\t\t<span class=\"elementor-button-content-wrapper\">\n\t\t\t\t\t\t\t\t\t<span class=\"elementor-button-text\">KAKPOLICY<\/span>\n\t\t\t\t\t<\/span>\n\t\t\t\t\t<\/a>\n\t\t\t\t<\/div>\n\t\t\t\t\t\t\t\t<\/div>\n\t\t\t\t<\/div>\n\t\t\t\t\t<\/div>\n\t\t<\/div>\n\t\t\t\t\t<\/div>\n\t\t<\/section>\n\t\t\t\t<section class=\"has_eae_slider elementor-section elementor-top-section elementor-element elementor-element-962e23a elementor-section-boxed elementor-section-height-default elementor-section-height-default\" data-eae-slider=\"54786\" data-id=\"962e23a\" data-element_type=\"section\" data-e-type=\"section\" data-settings=\"{&quot;_ha_eqh_enable&quot;:false}\">\n\t\t\t\t\t\t<div class=\"elementor-container elementor-column-gap-default\">\n\t\t\t\t\t<div class=\"has_eae_slider elementor-column elementor-col-100 elementor-top-column elementor-element elementor-element-d5f400c\" data-eae-slider=\"61880\" data-id=\"d5f400c\" data-element_type=\"column\" data-e-type=\"column\">\n\t\t\t<div class=\"elementor-widget-wrap elementor-element-populated\">\n\t\t\t\t\t\t<div class=\"elementor-element elementor-element-b831adf elementor-widget elementor-widget-spacer\" data-id=\"b831adf\" data-element_type=\"widget\" data-e-type=\"widget\" data-widget_type=\"spacer.default\">\n\t\t\t\t<div class=\"elementor-widget-container\">\n\t\t\t\t\t\t\t<div class=\"elementor-spacer\">\n\t\t\t<div class=\"elementor-spacer-inner\"><\/div>\n\t\t<\/div>\n\t\t\t\t\t\t<\/div>\n\t\t\t\t<\/div>\n\t\t\t\t\t<\/div>\n\t\t<\/div>\n\t\t\t\t\t<\/div>\n\t\t<\/section>\n\t\t\t\t<\/div>\n\t\t","protected":false},"excerpt":{"rendered":"<p>Integritetspolicy Koordium Consulting AB (publ), 556850-8336, \u00e4r personuppgiftsansvarig f\u00f6r den behandling av personuppgifter som \u00e4ger rum p\u00e5 denna webbplats. Koordium Consulting m\u00e5nar om den personliga integriteten f\u00f6r dig som bes\u00f6ker webbplatsen. Vi ansvarar f\u00f6r att de personuppgifter som samlas in av oss p\u00e5 webbplatsen endast anv\u00e4nds f\u00f6r avsett \u00e4ndam\u00e5l. Vi skyddar dem mot obeh\u00f6rig \u00e5tkomst [&hellip;]<\/p>\n","protected":false},"author":6,"featured_media":983,"parent":0,"menu_order":0,"comment_status":"closed","ping_status":"open","template":"elementor_header_footer","meta":{"_monsterinsights_skip_tracking":false,"_monsterinsights_sitenote_active":false,"_monsterinsights_sitenote_note":"","_monsterinsights_sitenote_category":0,"footnotes":""},"class_list":["post-559","page","type-page","status-publish","has-post-thumbnail","hentry"],"_links":{"self":[{"href":"http:\/\/www.koordium.se\/index.php\/wp-json\/wp\/v2\/pages\/559","targetHints":{"allow":["GET"]}}],"collection":[{"href":"http:\/\/www.koordium.se\/index.php\/wp-json\/wp\/v2\/pages"}],"about":[{"href":"http:\/\/www.koordium.se\/index.php\/wp-json\/wp\/v2\/types\/page"}],"author":[{"embeddable":true,"href":"http:\/\/www.koordium.se\/index.php\/wp-json\/wp\/v2\/users\/6"}],"replies":[{"embeddable":true,"href":"http:\/\/www.koordium.se\/index.php\/wp-json\/wp\/v2\/comments?post=559"}],"version-history":[{"count":19,"href":"http:\/\/www.koordium.se\/index.php\/wp-json\/wp\/v2\/pages\/559\/revisions"}],"predecessor-version":[{"id":985,"href":"http:\/\/www.koordium.se\/index.php\/wp-json\/wp\/v2\/pages\/559\/revisions\/985"}],"wp:featuredmedia":[{"embeddable":true,"href":"http:\/\/www.koordium.se\/index.php\/wp-json\/wp\/v2\/media\/983"}],"wp:attachment":[{"href":"http:\/\/www.koordium.se\/index.php\/wp-json\/wp\/v2\/media?parent=559"}],"curies":[{"name":"wp","href":"https:\/\/api.w.org\/{rel}","templated":true}]}}