{"id":749,"date":"2019-09-12T11:33:27","date_gmt":"2019-09-12T10:33:27","guid":{"rendered":"http:\/\/www.koordium.se\/?page_id=749"},"modified":"2019-10-09T08:44:10","modified_gmt":"2019-10-09T05:44:10","slug":"vi-gor","status":"publish","type":"page","link":"http:\/\/www.koordium.se\/index.php\/vi-gor\/","title":{"rendered":"Vi g\u00f6r"},"content":{"rendered":"\t\t<div data-elementor-type=\"wp-page\" data-elementor-id=\"749\" class=\"elementor elementor-749\" data-elementor-settings=\"{&quot;ha_cmc_init_switcher&quot;:&quot;no&quot;}\">\n\t\t\t\t\t\t<section class=\"has_eae_slider elementor-section elementor-top-section elementor-element elementor-element-8e61ee0 elementor-section-full_width elementor-section-content-middle elementor-section-height-default elementor-section-height-default elementor-invisible\" data-eae-slider=\"31319\" data-id=\"8e61ee0\" data-element_type=\"section\" data-e-type=\"section\" data-settings=\"{&quot;background_background&quot;:&quot;classic&quot;,&quot;animation&quot;:&quot;fadeIn&quot;,&quot;_ha_eqh_enable&quot;:false}\">\n\t\t\t\t\t\t<div class=\"elementor-container elementor-column-gap-default\">\n\t\t\t\t\t<div class=\"has_eae_slider elementor-column elementor-col-100 elementor-top-column elementor-element elementor-element-b726904\" data-eae-slider=\"64029\" data-id=\"b726904\" data-element_type=\"column\" data-e-type=\"column\">\n\t\t\t<div class=\"elementor-widget-wrap\">\n\t\t\t\t\t\t\t<\/div>\n\t\t<\/div>\n\t\t\t\t\t<\/div>\n\t\t<\/section>\n\t\t\t\t<section class=\"has_eae_slider elementor-section elementor-top-section elementor-element elementor-element-550f54f elementor-section-boxed elementor-section-height-default elementor-section-height-default\" data-eae-slider=\"70369\" data-id=\"550f54f\" data-element_type=\"section\" data-e-type=\"section\" data-settings=\"{&quot;_ha_eqh_enable&quot;:false}\">\n\t\t\t\t\t\t<div class=\"elementor-container elementor-column-gap-default\">\n\t\t\t\t\t<div class=\"has_eae_slider elementor-column elementor-col-100 elementor-top-column elementor-element elementor-element-febc89f\" data-eae-slider=\"58479\" data-id=\"febc89f\" data-element_type=\"column\" data-e-type=\"column\">\n\t\t\t<div class=\"elementor-widget-wrap elementor-element-populated\">\n\t\t\t\t\t\t<div class=\"elementor-element elementor-element-3a78cd2 elementor-widget elementor-widget-spacer\" data-id=\"3a78cd2\" data-element_type=\"widget\" data-e-type=\"widget\" data-widget_type=\"spacer.default\">\n\t\t\t\t<div class=\"elementor-widget-container\">\n\t\t\t\t\t\t\t<div class=\"elementor-spacer\">\n\t\t\t<div class=\"elementor-spacer-inner\"><\/div>\n\t\t<\/div>\n\t\t\t\t\t\t<\/div>\n\t\t\t\t<\/div>\n\t\t\t\t\t<\/div>\n\t\t<\/div>\n\t\t\t\t\t<\/div>\n\t\t<\/section>\n\t\t\t\t<section class=\"has_eae_slider elementor-section elementor-top-section elementor-element elementor-element-840d0c9 elementor-section-boxed elementor-section-height-default elementor-section-height-default\" data-eae-slider=\"87447\" data-id=\"840d0c9\" data-element_type=\"section\" data-e-type=\"section\" data-settings=\"{&quot;_ha_eqh_enable&quot;:false}\">\n\t\t\t\t\t\t<div class=\"elementor-container elementor-column-gap-default\">\n\t\t\t\t\t<div class=\"has_eae_slider elementor-column elementor-col-100 elementor-top-column elementor-element elementor-element-98c6a36\" data-eae-slider=\"19782\" data-id=\"98c6a36\" data-element_type=\"column\" data-e-type=\"column\">\n\t\t\t<div class=\"elementor-widget-wrap elementor-element-populated\">\n\t\t\t\t\t\t<div class=\"elementor-element elementor-element-6faceee elementor-widget elementor-widget-heading\" data-id=\"6faceee\" data-element_type=\"widget\" data-e-type=\"widget\" data-widget_type=\"heading.default\">\n\t\t\t\t<div class=\"elementor-widget-container\">\n\t\t\t\t\t<h1 class=\"elementor-heading-title elementor-size-large\">V\u00e5r expertis<\/h1>\t\t\t\t<\/div>\n\t\t\t\t<\/div>\n\t\t\t\t\t<\/div>\n\t\t<\/div>\n\t\t\t\t\t<\/div>\n\t\t<\/section>\n\t\t\t\t<section class=\"has_eae_slider elementor-section elementor-top-section elementor-element elementor-element-bfbe625 elementor-section-boxed elementor-section-height-default elementor-section-height-default\" data-eae-slider=\"81227\" data-id=\"bfbe625\" data-element_type=\"section\" data-e-type=\"section\" data-settings=\"{&quot;_ha_eqh_enable&quot;:false}\">\n\t\t\t\t\t\t<div class=\"elementor-container elementor-column-gap-default\">\n\t\t\t\t\t<div class=\"has_eae_slider elementor-column elementor-col-100 elementor-top-column elementor-element elementor-element-bf9ff13\" data-eae-slider=\"26973\" data-id=\"bf9ff13\" data-element_type=\"column\" data-e-type=\"column\">\n\t\t\t<div class=\"elementor-widget-wrap elementor-element-populated\">\n\t\t\t\t\t\t<div class=\"elementor-element elementor-element-67a566c elementor-widget elementor-widget-text-editor\" data-id=\"67a566c\" data-element_type=\"widget\" data-e-type=\"widget\" data-widget_type=\"text-editor.default\">\n\t\t\t\t<div class=\"elementor-widget-container\">\n\t\t\t\t\t\t\t\t\t<h4><span style=\"color: #000000;\">Det sker en allt snabbare integration mellan aff\u00e4rssystem, betall\u00f6sningar och e-handelsl\u00f6sningar p\u00e5 en m\u00e4ngd olika informations- och kommunikationsplattformar. Generella system och l\u00f6sningar \u00e4r ofta inte ett alternativ d\u00e5 olika akt\u00f6rer och branscher har sina speciella krav och behov.<\/span><\/h4><p><span style=\"color: #000000;\">Det skapar en allt mer fragmenterad marknad med m\u00e5nga olika akt\u00f6rer\u00a0\u2013 vilka ofta \u00e4r r\u00e4tt sv\u00e5r att \u00f6verblicka. Vilka akt\u00f6rer, produkter och tj\u00e4nster som kan matcha de egna behoven \u00e4r d\u00e4rf\u00f6r m\u00e5nga g\u00e5nger sv\u00e5rt att avg\u00f6ra.<\/span><\/p><h5><span style=\"color: #000000;\">Lokal akt\u00f6r med global erfarenhet<\/span><\/h5><p><span style=\"color: #000000;\">Koordium Consulting \u00e4r ett konsultf\u00f6retag med gedigen erfarenhet av uppdrag inom handel, industri, bank\/finans, s\u00e5v\u00e4l som sjukv\u00e5rd, kommuner och myndigheter.<\/span><\/p><p><span style=\"color: #000000;\">Vi kan st\u00f6dja dig igenom samtliga faser av projektet\u00a0\u2013 fr\u00e5n analys och f\u00f6rstudie via upphandling, implementering och f\u00f6rvaltning av ekonomi- och aff\u00e4rssystem, HR-, l\u00f6n- och beslutsst\u00f6dssystem, till kassaimplementationer samt implementation av betalterminaler, logistikl\u00f6sningar m.m.<\/span><\/p><p><span style=\"font-family: Roboto, sans-serif; font-size: 14px; font-style: normal; font-variant-ligatures: normal; font-variant-caps: normal; font-weight: 400; color: #a6ce39;\">\u25ba<\/span><span style=\"font-family: Roboto, sans-serif; font-size: 14px; font-style: normal; font-variant-ligatures: normal; font-variant-caps: normal; font-weight: 400; color: #000000;\">\u00a0<\/span><span style=\"color: #000000;\">Vi ger dig r\u00e5d och v\u00e4gledning i fr\u00e5gor g\u00e4llande kassalagar och kontrollenheter, f\u00f6rstudiearbete inf\u00f6r certifiering av kontrollenheter samt verifiering av kassasystem samt dokumentation av olika slag.<\/span><\/p><p><span style=\"font-family: Roboto, sans-serif; font-size: 14px; font-style: normal; font-variant-ligatures: normal; font-variant-caps: normal; font-weight: 400; color: #a6ce39;\">\u25ba<\/span><span style=\"font-family: Roboto, sans-serif; font-size: 14px; font-style: normal; font-variant-ligatures: normal; font-variant-caps: normal; font-weight: 400; color: #000000;\">\u00a0<\/span><span style=\"color: #000000;\">Vi hj\u00e4lper v\u00e5ra uppdragsgivare med teknisk och administrativ projektledning, grundl\u00e4ggande kvalitetsarbete samt framtagningar av l\u00f6sningar i framkant av marknaden.<\/span><\/p><p><span style=\"font-family: Roboto, sans-serif; font-size: 14px; font-style: normal; font-variant-ligatures: normal; font-variant-caps: normal; font-weight: 400; color: #a6ce39;\">\u25ba<\/span><span style=\"font-family: Roboto, sans-serif; font-size: 14px; font-style: normal; font-variant-ligatures: normal; font-variant-caps: normal; font-weight: 400; color: #000000;\">\u00a0<\/span><span style=\"color: #000000;\">Vi arbetar som tekniska konsulter likv\u00e4l som resurskonsulter eller administrativa projektkonsulter och hj\u00e4lper v\u00e5ra kunder i Sverige och \u00f6vriga Europa att utveckla och\/eller anpassa sina kassasystem, logistiksystem och mobila system, b\u00e5de baserade p\u00e5 traditionella Windowsplattformar, s\u00e5v\u00e4l som nyare Android- och webbaserade l\u00f6sningar i framkant. I detta arbete sitter vi p\u00e5 alla komponenter f\u00f6r att kunna skr\u00e4ddarsy l\u00f6sningar som \u00e4r b\u00e5de kostnadseffektiva att utveckla, \u00e4ga och anv\u00e4nda.<\/span><\/p>\t\t\t\t\t\t\t\t<\/div>\n\t\t\t\t<\/div>\n\t\t\t\t\t<\/div>\n\t\t<\/div>\n\t\t\t\t\t<\/div>\n\t\t<\/section>\n\t\t\t\t<section class=\"has_eae_slider elementor-section elementor-top-section elementor-element elementor-element-d04df76 elementor-section-boxed elementor-section-height-default elementor-section-height-default\" data-eae-slider=\"53868\" data-id=\"d04df76\" data-element_type=\"section\" data-e-type=\"section\" data-settings=\"{&quot;_ha_eqh_enable&quot;:false}\">\n\t\t\t\t\t\t<div class=\"elementor-container elementor-column-gap-default\">\n\t\t\t\t\t<div class=\"has_eae_slider elementor-column elementor-col-100 elementor-top-column elementor-element elementor-element-a35aeaf\" data-eae-slider=\"54672\" data-id=\"a35aeaf\" data-element_type=\"column\" data-e-type=\"column\">\n\t\t\t<div class=\"elementor-widget-wrap elementor-element-populated\">\n\t\t\t\t\t\t<div class=\"elementor-element elementor-element-7a8b6c1 elementor-align-center elementor-invisible elementor-widget elementor-widget-button\" data-id=\"7a8b6c1\" data-element_type=\"widget\" data-e-type=\"widget\" data-settings=\"{&quot;_animation&quot;:&quot;fadeIn&quot;}\" data-widget_type=\"button.default\">\n\t\t\t\t<div class=\"elementor-widget-container\">\n\t\t\t\t\t\t\t\t\t<div class=\"elementor-button-wrapper\">\n\t\t\t\t\t<a class=\"elementor-button elementor-button-link elementor-size-sm\" href=\"http:\/\/www.koordium.se\/index.php\/kontakt\/\">\n\t\t\t\t\t\t<span class=\"elementor-button-content-wrapper\">\n\t\t\t\t\t\t\t\t\t<span class=\"elementor-button-text\">KONTAKT<\/span>\n\t\t\t\t\t<\/span>\n\t\t\t\t\t<\/a>\n\t\t\t\t<\/div>\n\t\t\t\t\t\t\t\t<\/div>\n\t\t\t\t<\/div>\n\t\t\t\t\t<\/div>\n\t\t<\/div>\n\t\t\t\t\t<\/div>\n\t\t<\/section>\n\t\t\t\t<section class=\"has_eae_slider elementor-section elementor-top-section elementor-element elementor-element-2cabe09 elementor-section-boxed elementor-section-height-default elementor-section-height-default\" data-eae-slider=\"8834\" data-id=\"2cabe09\" data-element_type=\"section\" data-e-type=\"section\" data-settings=\"{&quot;_ha_eqh_enable&quot;:false}\">\n\t\t\t\t\t\t<div class=\"elementor-container elementor-column-gap-default\">\n\t\t\t\t\t<div class=\"has_eae_slider elementor-column elementor-col-100 elementor-top-column elementor-element elementor-element-a91ee70\" data-eae-slider=\"48542\" data-id=\"a91ee70\" data-element_type=\"column\" data-e-type=\"column\">\n\t\t\t<div class=\"elementor-widget-wrap elementor-element-populated\">\n\t\t\t\t\t\t<div class=\"elementor-element elementor-element-8b10b61 elementor-widget elementor-widget-spacer\" data-id=\"8b10b61\" data-element_type=\"widget\" data-e-type=\"widget\" data-widget_type=\"spacer.default\">\n\t\t\t\t<div class=\"elementor-widget-container\">\n\t\t\t\t\t\t\t<div class=\"elementor-spacer\">\n\t\t\t<div class=\"elementor-spacer-inner\"><\/div>\n\t\t<\/div>\n\t\t\t\t\t\t<\/div>\n\t\t\t\t<\/div>\n\t\t\t\t\t<\/div>\n\t\t<\/div>\n\t\t\t\t\t<\/div>\n\t\t<\/section>\n\t\t\t\t<\/div>\n\t\t","protected":false},"excerpt":{"rendered":"<p>V\u00e5r expertis Det sker en allt snabbare integration mellan aff\u00e4rssystem, betall\u00f6sningar och e-handelsl\u00f6sningar p\u00e5 en m\u00e4ngd olika informations- och kommunikationsplattformar. Generella system och l\u00f6sningar \u00e4r ofta inte ett alternativ d\u00e5 olika akt\u00f6rer och branscher har sina speciella krav och behov. Det skapar en allt mer fragmenterad marknad med m\u00e5nga olika akt\u00f6rer\u00a0\u2013 vilka ofta \u00e4r r\u00e4tt [&hellip;]<\/p>\n","protected":false},"author":6,"featured_media":971,"parent":0,"menu_order":0,"comment_status":"closed","ping_status":"closed","template":"elementor_header_footer","meta":{"_monsterinsights_skip_tracking":false,"_monsterinsights_sitenote_active":false,"_monsterinsights_sitenote_note":"","_monsterinsights_sitenote_category":0,"footnotes":""},"class_list":["post-749","page","type-page","status-publish","has-post-thumbnail","hentry"],"_links":{"self":[{"href":"http:\/\/www.koordium.se\/index.php\/wp-json\/wp\/v2\/pages\/749","targetHints":{"allow":["GET"]}}],"collection":[{"href":"http:\/\/www.koordium.se\/index.php\/wp-json\/wp\/v2\/pages"}],"about":[{"href":"http:\/\/www.koordium.se\/index.php\/wp-json\/wp\/v2\/types\/page"}],"author":[{"embeddable":true,"href":"http:\/\/www.koordium.se\/index.php\/wp-json\/wp\/v2\/users\/6"}],"replies":[{"embeddable":true,"href":"http:\/\/www.koordium.se\/index.php\/wp-json\/wp\/v2\/comments?post=749"}],"version-history":[{"count":16,"href":"http:\/\/www.koordium.se\/index.php\/wp-json\/wp\/v2\/pages\/749\/revisions"}],"predecessor-version":[{"id":979,"href":"http:\/\/www.koordium.se\/index.php\/wp-json\/wp\/v2\/pages\/749\/revisions\/979"}],"wp:featuredmedia":[{"embeddable":true,"href":"http:\/\/www.koordium.se\/index.php\/wp-json\/wp\/v2\/media\/971"}],"wp:attachment":[{"href":"http:\/\/www.koordium.se\/index.php\/wp-json\/wp\/v2\/media?parent=749"}],"curies":[{"name":"wp","href":"https:\/\/api.w.org\/{rel}","templated":true}]}}