{"id":755,"date":"2019-09-12T11:40:18","date_gmt":"2019-09-12T10:40:18","guid":{"rendered":"http:\/\/www.koordium.se\/?page_id=755"},"modified":"2019-10-09T08:43:55","modified_gmt":"2019-10-09T05:43:55","slug":"om-koordium","status":"publish","type":"page","link":"http:\/\/www.koordium.se\/index.php\/om-koordium\/","title":{"rendered":"Om Koordium"},"content":{"rendered":"\t\t<div data-elementor-type=\"wp-page\" data-elementor-id=\"755\" class=\"elementor elementor-755\" data-elementor-settings=\"{&quot;ha_cmc_init_switcher&quot;:&quot;no&quot;}\">\n\t\t\t\t\t\t<section class=\"has_eae_slider elementor-section elementor-top-section elementor-element elementor-element-86525b9 elementor-section-full_width elementor-section-content-middle elementor-section-height-default elementor-section-height-default elementor-invisible\" data-eae-slider=\"53790\" data-id=\"86525b9\" data-element_type=\"section\" data-e-type=\"section\" data-settings=\"{&quot;background_background&quot;:&quot;classic&quot;,&quot;animation&quot;:&quot;fadeIn&quot;,&quot;_ha_eqh_enable&quot;:false}\">\n\t\t\t\t\t\t<div class=\"elementor-container elementor-column-gap-default\">\n\t\t\t\t\t<div class=\"has_eae_slider elementor-column elementor-col-100 elementor-top-column elementor-element elementor-element-4f0a01f\" data-eae-slider=\"65280\" data-id=\"4f0a01f\" data-element_type=\"column\" data-e-type=\"column\">\n\t\t\t<div class=\"elementor-widget-wrap\">\n\t\t\t\t\t\t\t<\/div>\n\t\t<\/div>\n\t\t\t\t\t<\/div>\n\t\t<\/section>\n\t\t\t\t<section class=\"has_eae_slider elementor-section elementor-top-section elementor-element elementor-element-25f4c4f elementor-section-boxed elementor-section-height-default elementor-section-height-default\" data-eae-slider=\"88880\" data-id=\"25f4c4f\" data-element_type=\"section\" data-e-type=\"section\" data-settings=\"{&quot;_ha_eqh_enable&quot;:false}\">\n\t\t\t\t\t\t<div class=\"elementor-container elementor-column-gap-default\">\n\t\t\t\t\t<div class=\"has_eae_slider elementor-column elementor-col-100 elementor-top-column elementor-element elementor-element-bbba334\" data-eae-slider=\"63758\" data-id=\"bbba334\" data-element_type=\"column\" data-e-type=\"column\">\n\t\t\t<div class=\"elementor-widget-wrap elementor-element-populated\">\n\t\t\t\t\t\t<div class=\"elementor-element elementor-element-d52e8e9 elementor-widget elementor-widget-spacer\" data-id=\"d52e8e9\" data-element_type=\"widget\" data-e-type=\"widget\" data-widget_type=\"spacer.default\">\n\t\t\t\t<div class=\"elementor-widget-container\">\n\t\t\t\t\t\t\t<div class=\"elementor-spacer\">\n\t\t\t<div class=\"elementor-spacer-inner\"><\/div>\n\t\t<\/div>\n\t\t\t\t\t\t<\/div>\n\t\t\t\t<\/div>\n\t\t\t\t\t<\/div>\n\t\t<\/div>\n\t\t\t\t\t<\/div>\n\t\t<\/section>\n\t\t\t\t<section class=\"has_eae_slider elementor-section elementor-top-section elementor-element elementor-element-c807ce3 elementor-section-boxed elementor-section-height-default elementor-section-height-default\" data-eae-slider=\"12028\" data-id=\"c807ce3\" data-element_type=\"section\" data-e-type=\"section\" data-settings=\"{&quot;_ha_eqh_enable&quot;:false}\">\n\t\t\t\t\t\t<div class=\"elementor-container elementor-column-gap-default\">\n\t\t\t\t\t<div class=\"has_eae_slider elementor-column elementor-col-100 elementor-top-column elementor-element elementor-element-37d047a\" data-eae-slider=\"60981\" data-id=\"37d047a\" data-element_type=\"column\" data-e-type=\"column\">\n\t\t\t<div class=\"elementor-widget-wrap elementor-element-populated\">\n\t\t\t\t\t\t<div class=\"elementor-element elementor-element-a7c59eb elementor-widget elementor-widget-heading\" data-id=\"a7c59eb\" data-element_type=\"widget\" data-e-type=\"widget\" data-widget_type=\"heading.default\">\n\t\t\t\t<div class=\"elementor-widget-container\">\n\t\t\t\t\t<h1 class=\"elementor-heading-title elementor-size-large\">Om Koordium Consulting<\/h1>\t\t\t\t<\/div>\n\t\t\t\t<\/div>\n\t\t\t\t\t<\/div>\n\t\t<\/div>\n\t\t\t\t\t<\/div>\n\t\t<\/section>\n\t\t\t\t<section class=\"has_eae_slider elementor-section elementor-top-section elementor-element elementor-element-f95e73a elementor-section-boxed elementor-section-height-default elementor-section-height-default\" data-eae-slider=\"95537\" data-id=\"f95e73a\" data-element_type=\"section\" data-e-type=\"section\" data-settings=\"{&quot;_ha_eqh_enable&quot;:false}\">\n\t\t\t\t\t\t<div class=\"elementor-container elementor-column-gap-default\">\n\t\t\t\t\t<div class=\"has_eae_slider elementor-column elementor-col-100 elementor-top-column elementor-element elementor-element-a750dd0\" data-eae-slider=\"52173\" data-id=\"a750dd0\" data-element_type=\"column\" data-e-type=\"column\">\n\t\t\t<div class=\"elementor-widget-wrap elementor-element-populated\">\n\t\t\t\t\t\t<div class=\"elementor-element elementor-element-f0fd915 elementor-widget elementor-widget-text-editor\" data-id=\"f0fd915\" data-element_type=\"widget\" data-e-type=\"widget\" data-widget_type=\"text-editor.default\">\n\t\t\t\t<div class=\"elementor-widget-container\">\n\t\t\t\t\t\t\t\t\t<h4><span style=\"color: #000000;\"><strong>Koordium Consulting \u00e4r en av norra Europas vassaste konsultorganisationer inom kassa- och betall\u00f6sningar, med unika erfarenheter och kunskaper om fiskala regler och krav p\u00e5 liknande milj\u00f6er.<\/strong><\/span><\/h4>\n<p><span style=\"color: #000000;\">Sedan starten 2012 har vi slutf\u00f6rt m\u00e5nga uppdrag i olika branscher och omr\u00e5den, men med det l\u00e5ngsiktiga m\u00e5let att landa i ett nischat segment d\u00e4r historisk erfarenhet och kompetens tas till vara och blandas med personliga f\u00e4rdigheter i teamet.<\/span><\/p>\n<p><span style=\"color: #000000;\">Vi har sedan 2014 sakta men s\u00e4kert f\u00f6rb\u00e4ttrat v\u00e5r plattform och integration mot logistik i butik, logistik i e-handel och teknikst\u00f6d inom dessa omr\u00e5den, vilket kompletterar v\u00e5ra f\u00e4rdigheter till en komplett kompetens inom butikssegmentets omnikanal-t\u00e4nk.<\/span><\/p>\n<p><span style=\"color: #000000;\">Systemutveckling, systemf\u00f6r\u00e4ndringar, migreringar, integrationer, strukturf\u00f6r\u00e4ndringar, leveranser, ja \u2013\u00a0inom dessa segment har vi gjort det mesta.<\/span><\/p>\n<h5><span style=\"color: #000000;\"><strong>Europeisk akt\u00f6r med\u00a0spjutspetskunskaper<\/strong><\/span><\/h5>\n<p><span style=\"color: #000000;\">Vi har hela Europa som arbetsf\u00e4lt och rekryterar l\u00f6pande nya talanger inom systemutveckling, testning, projektledning, teknisk spjutspetsexpertis och verksamhetsf\u00f6r\u00e4ndring.<\/span><\/p>\n<p><span style=\"color: #000000;\">Vi \u00e4r v\u00e4ldigt stolta \u00f6ver det vi g\u00f6r, har m\u00e5nga n\u00f6jda kunder \u2013 och tillv\u00e4xtresultatet efter v\u00e5ra insatser hos m\u00e5nga av dem har varit mycket gl\u00e4djande att f\u00f6lja.<\/span><\/p>\n<p><span style=\"color: #000000;\">V\u00e5r unika processkunskap och enormt drivna projektledningsf\u00f6rm\u00e5ga sl\u00e5r det mesta i branschen, v\u00e5r spjutspetskompetens finns ingenstans att finna i ett finare format och v\u00e5rt personliga engagemang, v\u00e5r gl\u00e4dje och stolthet \u00f6ver det vi g\u00f6r \u00e4r unik.<\/span><\/p>\n<p><span style=\"color: #000000;\">Vi forts\u00e4tter v\u00e4xa med nya, handplockade medarbetare och nya kunder och skapar samtidigt nya m\u00f6jligheter f\u00f6r v\u00e5rt team och v\u00e5ra befintliga kunder, som ofta \u00e5terkommer med nya uppdrag och utmaningar.<\/span><\/p>\n<p><span style=\"color: #000000;\">V\u00e4lkommen till Koordium Consulting \u2013 d\u00e4r dina l\u00f6sningar f\u00f6r imorgon skapas idag med inneh\u00e5ll fr\u00e5n b\u00e5de ig\u00e5r, idag och imorgon!<\/span><\/p>\t\t\t\t\t\t\t\t<\/div>\n\t\t\t\t<\/div>\n\t\t\t\t\t<\/div>\n\t\t<\/div>\n\t\t\t\t\t<\/div>\n\t\t<\/section>\n\t\t\t\t<section class=\"has_eae_slider elementor-section elementor-top-section elementor-element elementor-element-87d9839 elementor-section-boxed elementor-section-height-default elementor-section-height-default\" data-eae-slider=\"13771\" data-id=\"87d9839\" data-element_type=\"section\" data-e-type=\"section\" data-settings=\"{&quot;_ha_eqh_enable&quot;:false}\">\n\t\t\t\t\t\t<div class=\"elementor-container elementor-column-gap-default\">\n\t\t\t\t\t<div class=\"has_eae_slider elementor-column elementor-col-100 elementor-top-column elementor-element elementor-element-95734df\" data-eae-slider=\"77431\" data-id=\"95734df\" data-element_type=\"column\" data-e-type=\"column\">\n\t\t\t<div class=\"elementor-widget-wrap elementor-element-populated\">\n\t\t\t\t\t\t<div class=\"elementor-element elementor-element-4520a8a elementor-align-center elementor-invisible elementor-widget elementor-widget-button\" data-id=\"4520a8a\" data-element_type=\"widget\" data-e-type=\"widget\" data-settings=\"{&quot;_animation&quot;:&quot;fadeIn&quot;}\" data-widget_type=\"button.default\">\n\t\t\t\t<div class=\"elementor-widget-container\">\n\t\t\t\t\t\t\t\t\t<div class=\"elementor-button-wrapper\">\n\t\t\t\t\t<a class=\"elementor-button elementor-button-link elementor-size-sm\" href=\"http:\/\/www.koordium.se\/index.php\/kontakt\/\">\n\t\t\t\t\t\t<span class=\"elementor-button-content-wrapper\">\n\t\t\t\t\t\t\t\t\t<span class=\"elementor-button-text\">KONTAKT<\/span>\n\t\t\t\t\t<\/span>\n\t\t\t\t\t<\/a>\n\t\t\t\t<\/div>\n\t\t\t\t\t\t\t\t<\/div>\n\t\t\t\t<\/div>\n\t\t\t\t\t<\/div>\n\t\t<\/div>\n\t\t\t\t\t<\/div>\n\t\t<\/section>\n\t\t\t\t<section class=\"has_eae_slider elementor-section elementor-top-section elementor-element elementor-element-0447a92 elementor-section-boxed elementor-section-height-default elementor-section-height-default\" data-eae-slider=\"50251\" data-id=\"0447a92\" data-element_type=\"section\" data-e-type=\"section\" data-settings=\"{&quot;_ha_eqh_enable&quot;:false}\">\n\t\t\t\t\t\t<div class=\"elementor-container elementor-column-gap-default\">\n\t\t\t\t\t<div class=\"has_eae_slider elementor-column elementor-col-100 elementor-top-column elementor-element elementor-element-59878df\" data-eae-slider=\"17537\" data-id=\"59878df\" data-element_type=\"column\" data-e-type=\"column\">\n\t\t\t<div class=\"elementor-widget-wrap elementor-element-populated\">\n\t\t\t\t\t\t<div class=\"elementor-element elementor-element-62a3827 elementor-widget elementor-widget-spacer\" data-id=\"62a3827\" data-element_type=\"widget\" data-e-type=\"widget\" data-widget_type=\"spacer.default\">\n\t\t\t\t<div class=\"elementor-widget-container\">\n\t\t\t\t\t\t\t<div class=\"elementor-spacer\">\n\t\t\t<div class=\"elementor-spacer-inner\"><\/div>\n\t\t<\/div>\n\t\t\t\t\t\t<\/div>\n\t\t\t\t<\/div>\n\t\t\t\t\t<\/div>\n\t\t<\/div>\n\t\t\t\t\t<\/div>\n\t\t<\/section>\n\t\t\t\t<\/div>\n\t\t","protected":false},"excerpt":{"rendered":"<p>Om Koordium Consulting Koordium Consulting \u00e4r en av norra Europas vassaste konsultorganisationer inom kassa- och betall\u00f6sningar, med unika erfarenheter och kunskaper om fiskala regler och krav p\u00e5 liknande milj\u00f6er. Sedan starten 2012 har vi slutf\u00f6rt m\u00e5nga uppdrag i olika branscher och omr\u00e5den, men med det l\u00e5ngsiktiga m\u00e5let att landa i ett nischat segment d\u00e4r historisk [&hellip;]<\/p>\n","protected":false},"author":6,"featured_media":980,"parent":0,"menu_order":0,"comment_status":"closed","ping_status":"closed","template":"elementor_header_footer","meta":{"_monsterinsights_skip_tracking":false,"_monsterinsights_sitenote_active":false,"_monsterinsights_sitenote_note":"","_monsterinsights_sitenote_category":0,"footnotes":""},"class_list":["post-755","page","type-page","status-publish","has-post-thumbnail","hentry"],"_links":{"self":[{"href":"http:\/\/www.koordium.se\/index.php\/wp-json\/wp\/v2\/pages\/755","targetHints":{"allow":["GET"]}}],"collection":[{"href":"http:\/\/www.koordium.se\/index.php\/wp-json\/wp\/v2\/pages"}],"about":[{"href":"http:\/\/www.koordium.se\/index.php\/wp-json\/wp\/v2\/types\/page"}],"author":[{"embeddable":true,"href":"http:\/\/www.koordium.se\/index.php\/wp-json\/wp\/v2\/users\/6"}],"replies":[{"embeddable":true,"href":"http:\/\/www.koordium.se\/index.php\/wp-json\/wp\/v2\/comments?post=755"}],"version-history":[{"count":6,"href":"http:\/\/www.koordium.se\/index.php\/wp-json\/wp\/v2\/pages\/755\/revisions"}],"predecessor-version":[{"id":982,"href":"http:\/\/www.koordium.se\/index.php\/wp-json\/wp\/v2\/pages\/755\/revisions\/982"}],"wp:featuredmedia":[{"embeddable":true,"href":"http:\/\/www.koordium.se\/index.php\/wp-json\/wp\/v2\/media\/980"}],"wp:attachment":[{"href":"http:\/\/www.koordium.se\/index.php\/wp-json\/wp\/v2\/media?parent=755"}],"curies":[{"name":"wp","href":"https:\/\/api.w.org\/{rel}","templated":true}]}}