{"id":867,"date":"2019-09-13T06:38:30","date_gmt":"2019-09-13T05:38:30","guid":{"rendered":"http:\/\/www.koordium.se\/?page_id=867"},"modified":"2019-10-10T11:28:45","modified_gmt":"2019-10-10T08:28:45","slug":"kakpolicy","status":"publish","type":"page","link":"http:\/\/www.koordium.se\/index.php\/kakpolicy\/","title":{"rendered":"Kakpolicy"},"content":{"rendered":"\t\t<div data-elementor-type=\"wp-page\" data-elementor-id=\"867\" class=\"elementor elementor-867\" data-elementor-settings=\"{&quot;ha_cmc_init_switcher&quot;:&quot;no&quot;}\">\n\t\t\t\t\t\t<section class=\"has_eae_slider elementor-section elementor-top-section elementor-element elementor-element-cb77012 elementor-section-full_width elementor-section-content-middle elementor-section-height-default elementor-section-height-default\" data-eae-slider=\"73312\" data-id=\"cb77012\" data-element_type=\"section\" data-e-type=\"section\" data-settings=\"{&quot;background_background&quot;:&quot;classic&quot;,&quot;_ha_eqh_enable&quot;:false}\">\n\t\t\t\t\t\t<div class=\"elementor-container elementor-column-gap-default\">\n\t\t\t\t\t<div class=\"has_eae_slider elementor-column elementor-col-100 elementor-top-column elementor-element elementor-element-61bcbb9\" data-eae-slider=\"69702\" data-id=\"61bcbb9\" data-element_type=\"column\" data-e-type=\"column\">\n\t\t\t<div class=\"elementor-widget-wrap\">\n\t\t\t\t\t\t\t<\/div>\n\t\t<\/div>\n\t\t\t\t\t<\/div>\n\t\t<\/section>\n\t\t\t\t<section class=\"has_eae_slider elementor-section elementor-top-section elementor-element elementor-element-a4e1dd4 elementor-section-boxed elementor-section-height-default elementor-section-height-default\" data-eae-slider=\"41902\" data-id=\"a4e1dd4\" data-element_type=\"section\" data-e-type=\"section\" data-settings=\"{&quot;_ha_eqh_enable&quot;:false}\">\n\t\t\t\t\t\t<div class=\"elementor-container elementor-column-gap-default\">\n\t\t\t\t\t<div class=\"has_eae_slider elementor-column elementor-col-100 elementor-top-column elementor-element elementor-element-1749440\" data-eae-slider=\"68079\" data-id=\"1749440\" data-element_type=\"column\" data-e-type=\"column\">\n\t\t\t<div class=\"elementor-widget-wrap elementor-element-populated\">\n\t\t\t\t\t\t<div class=\"elementor-element elementor-element-999f4e5 elementor-widget elementor-widget-spacer\" data-id=\"999f4e5\" data-element_type=\"widget\" data-e-type=\"widget\" data-widget_type=\"spacer.default\">\n\t\t\t\t<div class=\"elementor-widget-container\">\n\t\t\t\t\t\t\t<div class=\"elementor-spacer\">\n\t\t\t<div class=\"elementor-spacer-inner\"><\/div>\n\t\t<\/div>\n\t\t\t\t\t\t<\/div>\n\t\t\t\t<\/div>\n\t\t\t\t\t<\/div>\n\t\t<\/div>\n\t\t\t\t\t<\/div>\n\t\t<\/section>\n\t\t\t\t<section class=\"has_eae_slider elementor-section elementor-top-section elementor-element elementor-element-1d01f2f elementor-section-boxed elementor-section-height-default elementor-section-height-default\" data-eae-slider=\"3170\" data-id=\"1d01f2f\" data-element_type=\"section\" data-e-type=\"section\" data-settings=\"{&quot;_ha_eqh_enable&quot;:false}\">\n\t\t\t\t\t\t<div class=\"elementor-container elementor-column-gap-default\">\n\t\t\t\t\t<div class=\"has_eae_slider elementor-column elementor-col-100 elementor-top-column elementor-element elementor-element-6811434\" data-eae-slider=\"35\" data-id=\"6811434\" data-element_type=\"column\" data-e-type=\"column\">\n\t\t\t<div class=\"elementor-widget-wrap elementor-element-populated\">\n\t\t\t\t\t\t<div class=\"elementor-element elementor-element-389a9c9 elementor-widget elementor-widget-heading\" data-id=\"389a9c9\" data-element_type=\"widget\" data-e-type=\"widget\" data-widget_type=\"heading.default\">\n\t\t\t\t<div class=\"elementor-widget-container\">\n\t\t\t\t\t<h1 class=\"elementor-heading-title elementor-size-large\">Kakpolicy<\/h1>\t\t\t\t<\/div>\n\t\t\t\t<\/div>\n\t\t\t\t\t<\/div>\n\t\t<\/div>\n\t\t\t\t\t<\/div>\n\t\t<\/section>\n\t\t\t\t<section class=\"has_eae_slider elementor-section elementor-top-section elementor-element elementor-element-4649bf04 elementor-section-boxed elementor-section-height-default elementor-section-height-default\" data-eae-slider=\"43062\" data-id=\"4649bf04\" data-element_type=\"section\" data-e-type=\"section\" data-settings=\"{&quot;_ha_eqh_enable&quot;:false}\">\n\t\t\t\t\t\t<div class=\"elementor-container elementor-column-gap-default\">\n\t\t\t\t\t<div class=\"has_eae_slider elementor-column elementor-col-100 elementor-top-column elementor-element elementor-element-a8b0a2d\" data-eae-slider=\"11751\" data-id=\"a8b0a2d\" data-element_type=\"column\" data-e-type=\"column\">\n\t\t\t<div class=\"elementor-widget-wrap elementor-element-populated\">\n\t\t\t\t\t\t<div class=\"elementor-element elementor-element-f57fad6 elementor-widget elementor-widget-text-editor\" data-id=\"f57fad6\" data-element_type=\"widget\" data-e-type=\"widget\" data-widget_type=\"text-editor.default\">\n\t\t\t\t<div class=\"elementor-widget-container\">\n\t\t\t\t\t\t\t\t\t<div><h5><span style=\"color: #000000;\">Om denna kakpolicy<\/span><\/h5><div><p><span style=\"color: #000000;\">Denna kakpolicy f\u00f6rklarar vad kakor (cookies p\u00e5 engelska) \u00e4r och hur vi anv\u00e4nder dem. Du b\u00f6r l\u00e4sa policyn f\u00f6r att f\u00f6rst\u00e5 vad kakor \u00e4r, hur vi anv\u00e4nder dem, vilka typer av kakor vi anv\u00e4nder, informationen vi samlar in med hj\u00e4lp av kakor och hur den informationen anv\u00e4nds och hur man st\u00e4ller in sina kakpreferenser. F\u00f6r mer information om hur vi anv\u00e4nder, lagrar och h\u00e5ller dina personuppgifter s\u00e4kra, se v\u00e5r <a style=\"color: #000000;\" href=\"http:\/\/www.koordium.se\/index.php\/integritetspolicy\/\" target=\"_blank\" rel=\"noopener\">integritetspolicy<\/a>.<\/span><\/p><p><span style=\"color: #000000;\">Du kan n\u00e4r som helst \u00e4ndra eller dra tillbaka ditt samtycke fr\u00e5n kakdeklarationen p\u00e5 denna webbplats. Ditt samtycke g\u00e4ller f\u00f6r f\u00f6ljande denna dom\u00e4n: <a href=\"http:\/\/www.koordium.se\">www.koordium.se<\/a>.\u00a0Du godk\u00e4nner denna kakpolicy genom att forts\u00e4tta surfa p\u00e5 denna webbplats.<\/span><\/p><p><div class=\"cli_user_consent_state\">Aktuell status: Samtycke har inte givits. <a class=\"cli_manage_current_consent\" style=\"cursor:pointer;text-decoration:underline;\">Hantera ditt samtycke.<\/a> <\/div><\/p><\/div><h5><span style=\"color: #000000;\">Om kakor<\/span><\/h5><div><p><span style=\"color: #000000;\">Kakor \u00e4r sm\u00e5 textfiler som anv\u00e4nds f\u00f6r att lagra sm\u00e5 information. De lagras p\u00e5 din enhet n\u00e4r webbplatsen laddas i din webbl\u00e4sare. Kakorna hj\u00e4lper oss att g\u00f6ra s\u00e5 att webbplatsen fungerar korrekt, g\u00f6r webbplatsen s\u00e4krare, ger dig en b\u00e4ttre anv\u00e4ndarupplevelse och oss en f\u00f6rst\u00e5else f\u00f6r hur webbplatsen samt g\u00f6r att vi kan analysera vad som fungerar och vad som beh\u00f6ver f\u00f6rb\u00e4ttras.<\/span><\/p><\/div><h5><span style=\"color: #000000;\">S\u00e5 anv\u00e4nder vi kakorna<\/span><\/h5><div><p><span style=\"color: #000000;\">Som de flesta onlinetj\u00e4nster, anv\u00e4nder v\u00e5r webbplats kakor f\u00f6r ett antal syften. Kakorna fr\u00e5n f\u00f6rsta part \u00e4r oftast n\u00f6dv\u00e4ndiga f\u00f6r att webbplatsen ska fungera p\u00e5 r\u00e4tt s\u00e4tt, och de samlar inte in n\u00e5gra av dina personliga identifierbara uppgifter.<\/span><\/p><p><span style=\"color: #000000;\">De tredjepartskakor som anv\u00e4nds p\u00e5 v\u00e5ra webbplatser anv\u00e4nds fr\u00e4mst f\u00f6r att f\u00f6rst\u00e5 hur webbplatsen presterar, hur du interagerar med v\u00e5r webbplats, h\u00e5ller v\u00e5ra tj\u00e4nster s\u00e4kra och allt som allt annat som ger dig en b\u00e4ttre och f\u00f6rb\u00e4ttrad anv\u00e4ndarupplevelse.<\/span><\/p><\/div><h5><span style=\"color: #000000;\">Typ av kakor och inst\u00e4llningar<\/span><\/h5><div><p><span style=\"color: #000000;\"><b><span style=\"color: #a6ce39;\">\u25ba<\/span>\u00a0N\u00f6dv\u00e4ndiga<\/b>: Vissa kakor \u00e4r viktiga f\u00f6r att du ska kunna uppleva hela webbplatsens funktionalitet. De till\u00e5ter oss att h\u00e5lla anv\u00e4ndarsessioner och f\u00f6rhindra s\u00e4kerhetshot. De samlar inte in eller lagrar n\u00e5gon personlig information.<\/span><\/p><p><span style=\"color: #000000;\"><b><span style=\"color: #a6ce39;\">\u25ba<\/span>\u00a0Statistiska<\/b>: Dessa kakor lagrar information s\u00e5 som antalet bes\u00f6kare p\u00e5 webbplatsen, antalet unika bes\u00f6kare, vilka sidor p\u00e5 webbplatsen som har bes\u00f6kts, k\u00e4llan till bes\u00f6ket m.m. Dessa data hj\u00e4lper oss att f\u00f6rst\u00e5 och analysera hur bra webbplatsen fungerar och vad som beh\u00f6ver f\u00f6rb\u00e4ttras.<\/span><\/p><p><span style=\"color: #000000;\"><b><span style=\"color: #a6ce39;\">\u25ba<\/span> Funktionella<\/b>: Detta \u00e4r kakor som hj\u00e4lper vissa icke-v\u00e4sentliga funktioner p\u00e5 v\u00e5r webbplats och det kan handla om inb\u00e4ddning av inneh\u00e5ll som videor eller delning av inneh\u00e5ll p\u00e5 webbplatsen p\u00e5 sociala medieplattformar.<\/span><\/p><p><span style=\"color: #000000;\"><b><span style=\"color: #a6ce39;\">\u25ba<\/span>\u00a0Inst\u00e4llningar<\/b>: Dessa kakor hj\u00e4lper oss att lagra dina inst\u00e4llningar och surfpreferenser som spr\u00e5kpreferenser s\u00e5 att du f\u00e5r en b\u00e4ttre och effektiv upplevelse vid framtida bes\u00f6k p\u00e5 webbplatsen. Med andra ord, spara dina val f\u00f6r vilka kakor du har godk\u00e4nt.<\/span><\/p><\/div><h5><span style=\"color: #000000;\">S\u00e5 \u00e4ndrar du dina kakinst\u00e4llningar<\/span><\/h5><div><p><span style=\"color: #000000;\">Om du best\u00e4mmer dig f\u00f6r att \u00e4ndra dina inst\u00e4llningar i efterhand under din surfsession, kan du klicka p\u00e5 fliken &#8221;Privacy &amp; Cookie Policy&#8221; nere till h\u00f6ger i din webbl\u00e4sare. Detta visar \u00e5terigen meddelandet om samtycke s\u00e5 att du kan \u00e4ndra dina inst\u00e4llningar eller dra tillbaka ditt samtycke helt.<\/span><\/p><p><span style=\"color: #000000;\">Ut\u00f6ver detta erbjuder webbl\u00e4sare olika m\u00f6jligheter att blockera och ta bort kakor som anv\u00e4nds av webbplatser. Du kan \u00e4ndra inst\u00e4llningarna i din webbl\u00e4sare f\u00f6r att blockera \/ ta bort kakor. Bes\u00f6k <\/span><a href=\"http:\/\/wikipedia.org\" target=\"_blank\" rel=\"noopener\">wikipedia.org<\/a><span style=\"color: #000000;\">,\u00a0<\/span><a href=\"http:\/\/www.allaboutcookies.org\" target=\"_blank\" rel=\"noopener\">www.allaboutcookies.org<\/a><span style=\"color: #000000;\"> om du vill veta mer om hur du hanterar och tar bort kakor.<\/span><\/p><\/div><\/div>\t\t\t\t\t\t\t\t<\/div>\n\t\t\t\t<\/div>\n\t\t\t\t\t<\/div>\n\t\t<\/div>\n\t\t\t\t\t<\/div>\n\t\t<\/section>\n\t\t\t\t<section class=\"has_eae_slider elementor-section elementor-top-section elementor-element elementor-element-0e4fb81 elementor-section-boxed elementor-section-height-default elementor-section-height-default\" data-eae-slider=\"4268\" data-id=\"0e4fb81\" data-element_type=\"section\" data-e-type=\"section\" data-settings=\"{&quot;_ha_eqh_enable&quot;:false}\">\n\t\t\t\t\t\t<div class=\"elementor-container elementor-column-gap-default\">\n\t\t\t\t\t<div class=\"has_eae_slider elementor-column elementor-col-100 elementor-top-column elementor-element elementor-element-33655f1\" data-eae-slider=\"11873\" data-id=\"33655f1\" data-element_type=\"column\" data-e-type=\"column\">\n\t\t\t<div class=\"elementor-widget-wrap elementor-element-populated\">\n\t\t\t\t\t\t<div class=\"elementor-element elementor-element-254fbe3 elementor-align-center elementor-invisible elementor-widget elementor-widget-button\" data-id=\"254fbe3\" data-element_type=\"widget\" data-e-type=\"widget\" data-settings=\"{&quot;_animation&quot;:&quot;fadeIn&quot;}\" data-widget_type=\"button.default\">\n\t\t\t\t<div class=\"elementor-widget-container\">\n\t\t\t\t\t\t\t\t\t<div class=\"elementor-button-wrapper\">\n\t\t\t\t\t<a class=\"elementor-button elementor-button-link elementor-size-sm\" href=\"http:\/\/www.koordium.se\/index.php\/integritetspolicy\/\">\n\t\t\t\t\t\t<span class=\"elementor-button-content-wrapper\">\n\t\t\t\t\t\t\t\t\t<span class=\"elementor-button-text\">INTEGRITETSPOLICY<\/span>\n\t\t\t\t\t<\/span>\n\t\t\t\t\t<\/a>\n\t\t\t\t<\/div>\n\t\t\t\t\t\t\t\t<\/div>\n\t\t\t\t<\/div>\n\t\t\t\t\t<\/div>\n\t\t<\/div>\n\t\t\t\t\t<\/div>\n\t\t<\/section>\n\t\t\t\t<section class=\"has_eae_slider elementor-section elementor-top-section elementor-element elementor-element-c42e226 elementor-section-boxed elementor-section-height-default elementor-section-height-default\" data-eae-slider=\"55270\" data-id=\"c42e226\" data-element_type=\"section\" data-e-type=\"section\" data-settings=\"{&quot;_ha_eqh_enable&quot;:false}\">\n\t\t\t\t\t\t<div class=\"elementor-container elementor-column-gap-default\">\n\t\t\t\t\t<div class=\"has_eae_slider elementor-column elementor-col-100 elementor-top-column elementor-element elementor-element-a533161\" data-eae-slider=\"41274\" data-id=\"a533161\" data-element_type=\"column\" data-e-type=\"column\">\n\t\t\t<div class=\"elementor-widget-wrap elementor-element-populated\">\n\t\t\t\t\t\t<div class=\"elementor-element elementor-element-e3a2270 elementor-widget elementor-widget-spacer\" data-id=\"e3a2270\" data-element_type=\"widget\" data-e-type=\"widget\" data-widget_type=\"spacer.default\">\n\t\t\t\t<div class=\"elementor-widget-container\">\n\t\t\t\t\t\t\t<div class=\"elementor-spacer\">\n\t\t\t<div class=\"elementor-spacer-inner\"><\/div>\n\t\t<\/div>\n\t\t\t\t\t\t<\/div>\n\t\t\t\t<\/div>\n\t\t\t\t\t<\/div>\n\t\t<\/div>\n\t\t\t\t\t<\/div>\n\t\t<\/section>\n\t\t\t\t<\/div>\n\t\t","protected":false},"excerpt":{"rendered":"<p>Kakpolicy Om denna kakpolicy Denna kakpolicy f\u00f6rklarar vad kakor (cookies p\u00e5 engelska) \u00e4r och hur vi anv\u00e4nder dem. Du b\u00f6r l\u00e4sa policyn f\u00f6r att f\u00f6rst\u00e5 vad kakor \u00e4r, hur vi anv\u00e4nder dem, vilka typer av kakor vi anv\u00e4nder, informationen vi samlar in med hj\u00e4lp av kakor och hur den informationen anv\u00e4nds och hur man st\u00e4ller [&hellip;]<\/p>\n","protected":false},"author":6,"featured_media":986,"parent":0,"menu_order":0,"comment_status":"closed","ping_status":"closed","template":"elementor_header_footer","meta":{"_monsterinsights_skip_tracking":false,"_monsterinsights_sitenote_active":false,"_monsterinsights_sitenote_note":"","_monsterinsights_sitenote_category":0,"footnotes":""},"class_list":["post-867","page","type-page","status-publish","has-post-thumbnail","hentry"],"_links":{"self":[{"href":"http:\/\/www.koordium.se\/index.php\/wp-json\/wp\/v2\/pages\/867","targetHints":{"allow":["GET"]}}],"collection":[{"href":"http:\/\/www.koordium.se\/index.php\/wp-json\/wp\/v2\/pages"}],"about":[{"href":"http:\/\/www.koordium.se\/index.php\/wp-json\/wp\/v2\/types\/page"}],"author":[{"embeddable":true,"href":"http:\/\/www.koordium.se\/index.php\/wp-json\/wp\/v2\/users\/6"}],"replies":[{"embeddable":true,"href":"http:\/\/www.koordium.se\/index.php\/wp-json\/wp\/v2\/comments?post=867"}],"version-history":[{"count":8,"href":"http:\/\/www.koordium.se\/index.php\/wp-json\/wp\/v2\/pages\/867\/revisions"}],"predecessor-version":[{"id":1019,"href":"http:\/\/www.koordium.se\/index.php\/wp-json\/wp\/v2\/pages\/867\/revisions\/1019"}],"wp:featuredmedia":[{"embeddable":true,"href":"http:\/\/www.koordium.se\/index.php\/wp-json\/wp\/v2\/media\/986"}],"wp:attachment":[{"href":"http:\/\/www.koordium.se\/index.php\/wp-json\/wp\/v2\/media?parent=867"}],"curies":[{"name":"wp","href":"https:\/\/api.w.org\/{rel}","templated":true}]}}